{"id":1795,"date":"2026-01-18T17:11:35","date_gmt":"2026-01-18T16:11:35","guid":{"rendered":"https:\/\/denidiaz.com\/?post_type=product&#038;p=1795"},"modified":"2026-01-18T18:32:29","modified_gmt":"2026-01-18T17:32:29","slug":"botanical-floral-coloring-book-buy-it-on-amazon","status":"publish","type":"product","link":"https:\/\/denidiaz.com\/es\/producto\/botanical-floral-coloring-book-buy-it-on-amazon\/","title":{"rendered":"Botanical &amp; Floral Libro para colorear \u2013 C\u00f3mpralo en Amazon"},"content":{"rendered":"<h4 id=\"title\" class=\"a-spacing-none a-text-normal\"><a href=\"https:\/\/amzn.eu\/d\/eJm4KYk\" target=\"_blank\" rel=\"noopener\"><span id=\"productTitle\" class=\"a-size-large celwidget\" data-csa-c-id=\"4ktnxe-qx2q9c-rhk5k6-d59vfg\" data-cel-widget=\"productTitle\">Dibujos para colorear para adolescentes y adultos: ilustraciones bot\u00e1nicas, ramos de flores y vegetaci\u00f3n en macetas.<\/span><\/a><\/h4>\n<p><span class=\"a-text-bold\">Descubra una escapada creativa y relajante con este libro para colorear bot\u00e1nico bellamente ilustrado, perfecto para adultos y adolescentes que aman las plantas, las flores y la relajaci\u00f3n consciente.<\/span><br \/>\nEste\u00a0<span class=\"a-text-italic\">libro para colorear bot\u00e1nico y floral<\/span>\u00a0caracter\u00edsticas\u00a0<span class=\"a-text-bold\">50 ilustraciones dibujadas a mano<\/span>, cada uno dise\u00f1ado para despertar la creatividad y ayudarte a relajarte. En su interior, encontrar\u00e1s una inspiradora variedad de\u00a0<span class=\"a-text-bold\">Plantas, flores, ramos, elementos bot\u00e1nicos y arreglos en macetas.<\/span>, todos elaborados con detalles art\u00edsticos para ofrecer una experiencia de coloraci\u00f3n gratificante para todos los niveles de habilidad.<\/p>\n<p><span class=\"a-text-bold\">Qu\u00e9 hay dentro:<\/span><\/p>\n<ul class=\"a-unordered-list a-vertical\">\n<li><span class=\"a-text-bold\">50 dise\u00f1os \u00fanicos ilustrados a mano<\/span>\u00a0exhibiendo plantas, bot\u00e1nicos, ramos de flores, macetas y m\u00e1s.<\/li>\n<li><span class=\"a-text-bold\">Obra de arte unilateral<\/span>\u00a0con un\u00a0<span class=\"a-text-bold\">p\u00e1gina en blanco entre cada ilustraci\u00f3n<\/span>\u00a0para evitar el traspaso y proteger las p\u00e1ginas terminadas<\/li>\n<li><span class=\"a-text-bold\">Formato cuadrado: 8,5 x 8,5 pulgadas<\/span>, ideal para enmarcar y f\u00e1cil de manejar mientras se colorea<\/li>\n<li><span class=\"a-text-bold\">Variedad de estilos<\/span>, desde simples arreglos vegetales hasta intrincadas composiciones florales<\/li>\n<li>Perfecto para\u00a0<span class=\"a-text-bold\">l\u00e1pices de colores, crayones, marcadores<\/span>y bol\u00edgrafos de gel<\/li>\n<li>Una forma maravillosa de practicar\u00a0<span class=\"a-text-bold\">atenci\u00f3n plena, alivio del estr\u00e9s y expresi\u00f3n creativa<\/span><\/li>\n<\/ul>\n<p>Ya seas amante de las plantas, entusiasta del arte floral o simplemente busques un pasatiempo relajante, este libro te ofrece un viaje relajante a trav\u00e9s de obras de arte inspiradas en la naturaleza. Tambi\u00e9n es un regalo ideal para jardineros, artistas y cualquiera que disfrute transformando p\u00e1ginas en blanco en hermosas explosiones de color.<\/p>\n<p>Da vida a cada ilustraci\u00f3n bot\u00e1nica con tus colores favoritos y disfruta de horas de creatividad tranquila.<\/p>\n<p><span style=\"color: #000080;\"><strong><a style=\"color: #000080;\" href=\"https:\/\/amzn.eu\/d\/6ADCVQH\" target=\"_blank\" rel=\"noopener\">C\u00f3mpralo en Amazon<\/a><\/strong><\/span><\/p>\n<p>&nbsp;<\/p>","protected":false},"excerpt":{"rendered":"<p>Coloring for teens &amp; adults: botanical illustrations, floral bouquets, and potted greenery. Discover a calming creative escape with this beautifully illustrated botanical coloring book \u2014 perfect for adults and teens who love plants, flowers, and mindful relaxation. This\u00a0Botanical &amp; Floral Coloring Book\u00a0features\u00a050 hand-drawn illustrations, each designed to spark creativity while helping you unwind. Inside, you\u2019ll [&hellip;]<\/p>\n","protected":false},"featured_media":1819,"template":"","meta":{"_uag_custom_page_level_css":"","site-sidebar-layout":"default","site-content-layout":"","ast-site-content-layout":"default","site-content-style":"default","site-sidebar-style":"default","ast-global-header-display":"","ast-banner-title-visibility":"","ast-main-header-display":"","ast-hfb-above-header-display":"","ast-hfb-below-header-display":"","ast-hfb-mobile-header-display":"","site-post-title":"","ast-breadcrumbs-content":"","ast-featured-img":"","footer-sml-layout":"","ast-disable-related-posts":"","theme-transparent-header-meta":"default","adv-header-id-meta":"","stick-header-meta":"","header-above-stick-meta":"","header-main-stick-meta":"","header-below-stick-meta":"","astra-migrate-meta-layouts":"set","ast-page-background-enabled":"default","ast-page-background-meta":{"desktop":{"background-color":"","background-image":"","background-repeat":"repeat","background-position":"center center","background-size":"auto","background-attachment":"scroll","background-type":"","background-media":"","overlay-type":"","overlay-color":"","overlay-opacity":"","overlay-gradient":""},"tablet":{"background-color":"","background-image":"","background-repeat":"repeat","background-position":"center center","background-size":"auto","background-attachment":"scroll","background-type":"","background-media":"","overlay-type":"","overlay-color":"","overlay-opacity":"","overlay-gradient":""},"mobile":{"background-color":"","background-image":"","background-repeat":"repeat","background-position":"center center","background-size":"auto","background-attachment":"scroll","background-type":"","background-media":"","overlay-type":"","overlay-color":"","overlay-opacity":"","overlay-gradient":""}},"ast-content-background-meta":{"desktop":{"background-color":"var(--ast-global-color-5)","background-image":"","background-repeat":"repeat","background-position":"center center","background-size":"auto","background-attachment":"scroll","background-type":"","background-media":"","overlay-type":"","overlay-color":"","overlay-opacity":"","overlay-gradient":""},"tablet":{"background-color":"var(--ast-global-color-5)","background-image":"","background-repeat":"repeat","background-position":"center center","background-size":"auto","background-attachment":"scroll","background-type":"","background-media":"","overlay-type":"","overlay-color":"","overlay-opacity":"","overlay-gradient":""},"mobile":{"background-color":"var(--ast-global-color-5)","background-image":"","background-repeat":"repeat","background-position":"center center","background-size":"auto","background-attachment":"scroll","background-type":"","background-media":"","overlay-type":"","overlay-color":"","overlay-opacity":"","overlay-gradient":""}}},"product_brand":[69],"product_cat":[70],"product_tag":[],"class_list":{"0":"post-1795","1":"product","2":"type-product","3":"status-publish","4":"has-post-thumbnail","6":"product_brand-pirogui","7":"product_cat-coloring-book","8":"desktop-align-center","9":"tablet-align-left","10":"mobile-align-left","12":"first","13":"instock","14":"product-type-external"},"yoast_head":"<!-- This site is optimized with the Yoast SEO plugin v27.3 - https:\/\/yoast.com\/product\/yoast-seo-wordpress\/ -->\n<title>Botanical &amp; Floral Coloring Book - Buy it on Amazon - Deni D\u00edaz<\/title>\n<meta name=\"robots\" content=\"index, follow, max-snippet:-1, max-image-preview:large, max-video-preview:-1\" \/>\n<link rel=\"canonical\" href=\"https:\/\/denidiaz.com\/es\/producto\/botanical-floral-coloring-book-buy-it-on-amazon\/\" \/>\n<meta property=\"og:locale\" content=\"es_ES\" \/>\n<meta property=\"og:type\" content=\"article\" \/>\n<meta property=\"og:title\" content=\"Botanical &amp; Floral Coloring Book - Buy it on Amazon - Deni D\u00edaz\" \/>\n<meta property=\"og:description\" content=\"Coloring for teens &amp; adults: botanical illustrations, floral bouquets, and potted greenery. Discover a calming creative escape with this beautifully illustrated botanical coloring book \u2014 perfect for adults and teens who love plants, flowers, and mindful relaxation. This\u00a0Botanical &amp; Floral Coloring Book\u00a0features\u00a050 hand-drawn illustrations, each designed to spark creativity while helping you unwind. Inside, you\u2019ll [&hellip;]\" \/>\n<meta property=\"og:url\" content=\"https:\/\/denidiaz.com\/es\/producto\/botanical-floral-coloring-book-buy-it-on-amazon\/\" \/>\n<meta property=\"og:site_name\" content=\"Deni D\u00edaz\" \/>\n<meta property=\"article:modified_time\" content=\"2026-01-18T17:32:29+00:00\" \/>\n<meta property=\"og:image\" content=\"https:\/\/denidiaz.com\/wp-content\/uploads\/2026\/01\/Portada-Amazon-Kdp-Deni-scaled.jpg\" \/>\n\t<meta property=\"og:image:width\" content=\"2557\" \/>\n\t<meta property=\"og:image:height\" content=\"2560\" \/>\n\t<meta property=\"og:image:type\" content=\"image\/jpeg\" \/>\n<meta name=\"twitter:card\" content=\"summary_large_image\" \/>\n<meta name=\"twitter:label1\" content=\"Tiempo de lectura\" \/>\n\t<meta name=\"twitter:data1\" content=\"2 minutos\" \/>\n<script type=\"application\/ld+json\" class=\"yoast-schema-graph\">{\"@context\":\"https:\\\/\\\/schema.org\",\"@graph\":[{\"@type\":\"WebPage\",\"@id\":\"https:\\\/\\\/denidiaz.com\\\/producto\\\/botanical-floral-coloring-book-buy-it-on-amazon\\\/\",\"url\":\"https:\\\/\\\/denidiaz.com\\\/producto\\\/botanical-floral-coloring-book-buy-it-on-amazon\\\/\",\"name\":\"Botanical & Floral Coloring Book - Buy it on Amazon - Deni D\u00edaz\",\"isPartOf\":{\"@id\":\"https:\\\/\\\/denidiaz.com\\\/#website\"},\"primaryImageOfPage\":{\"@id\":\"https:\\\/\\\/denidiaz.com\\\/producto\\\/botanical-floral-coloring-book-buy-it-on-amazon\\\/#primaryimage\"},\"image\":{\"@id\":\"https:\\\/\\\/denidiaz.com\\\/producto\\\/botanical-floral-coloring-book-buy-it-on-amazon\\\/#primaryimage\"},\"thumbnailUrl\":\"https:\\\/\\\/denidiaz.com\\\/wp-content\\\/uploads\\\/2026\\\/01\\\/Portada-Amazon-Kdp-Deni-scaled.jpg\",\"datePublished\":\"2026-01-18T16:11:35+00:00\",\"dateModified\":\"2026-01-18T17:32:29+00:00\",\"breadcrumb\":{\"@id\":\"https:\\\/\\\/denidiaz.com\\\/producto\\\/botanical-floral-coloring-book-buy-it-on-amazon\\\/#breadcrumb\"},\"inLanguage\":\"es\",\"potentialAction\":[{\"@type\":\"ReadAction\",\"target\":[\"https:\\\/\\\/denidiaz.com\\\/producto\\\/botanical-floral-coloring-book-buy-it-on-amazon\\\/\"]}]},{\"@type\":\"ImageObject\",\"inLanguage\":\"es\",\"@id\":\"https:\\\/\\\/denidiaz.com\\\/producto\\\/botanical-floral-coloring-book-buy-it-on-amazon\\\/#primaryimage\",\"url\":\"https:\\\/\\\/denidiaz.com\\\/wp-content\\\/uploads\\\/2026\\\/01\\\/Portada-Amazon-Kdp-Deni-scaled.jpg\",\"contentUrl\":\"https:\\\/\\\/denidiaz.com\\\/wp-content\\\/uploads\\\/2026\\\/01\\\/Portada-Amazon-Kdp-Deni-scaled.jpg\",\"width\":2557,\"height\":2560},{\"@type\":\"BreadcrumbList\",\"@id\":\"https:\\\/\\\/denidiaz.com\\\/producto\\\/botanical-floral-coloring-book-buy-it-on-amazon\\\/#breadcrumb\",\"itemListElement\":[{\"@type\":\"ListItem\",\"position\":1,\"name\":\"Portada\",\"item\":\"https:\\\/\\\/denidiaz.com\\\/\"},{\"@type\":\"ListItem\",\"position\":2,\"name\":\"Art Prints\",\"item\":\"https:\\\/\\\/denidiaz.com\\\/art-prints\\\/\"},{\"@type\":\"ListItem\",\"position\":3,\"name\":\"Botanical &#038; Floral Coloring Book &#8211; Buy it on Amazon\"}]},{\"@type\":\"WebSite\",\"@id\":\"https:\\\/\\\/denidiaz.com\\\/#website\",\"url\":\"https:\\\/\\\/denidiaz.com\\\/\",\"name\":\"Deni D\u00edaz\",\"description\":\"Designer and illustrator\",\"publisher\":{\"@id\":\"https:\\\/\\\/denidiaz.com\\\/#organization\"},\"potentialAction\":[{\"@type\":\"SearchAction\",\"target\":{\"@type\":\"EntryPoint\",\"urlTemplate\":\"https:\\\/\\\/denidiaz.com\\\/?s={search_term_string}\"},\"query-input\":{\"@type\":\"PropertyValueSpecification\",\"valueRequired\":true,\"valueName\":\"search_term_string\"}}],\"inLanguage\":\"es\"},{\"@type\":\"Organization\",\"@id\":\"https:\\\/\\\/denidiaz.com\\\/#organization\",\"name\":\"Deni D\u00edaz\",\"url\":\"https:\\\/\\\/denidiaz.com\\\/\",\"logo\":{\"@type\":\"ImageObject\",\"inLanguage\":\"es\",\"@id\":\"https:\\\/\\\/denidiaz.com\\\/#\\\/schema\\\/logo\\\/image\\\/\",\"url\":\"https:\\\/\\\/denidiaz.com\\\/wp-content\\\/uploads\\\/2025\\\/02\\\/cropped-DENI-DIAZ-LOGO-23.png\",\"contentUrl\":\"https:\\\/\\\/denidiaz.com\\\/wp-content\\\/uploads\\\/2025\\\/02\\\/cropped-DENI-DIAZ-LOGO-23.png\",\"width\":1080,\"height\":241,\"caption\":\"Deni D\u00edaz\"},\"image\":{\"@id\":\"https:\\\/\\\/denidiaz.com\\\/#\\\/schema\\\/logo\\\/image\\\/\"}}]}<\/script>\n<!-- \/ Yoast SEO plugin. -->","yoast_head_json":{"title":"Botanical & Floral Coloring Book - Buy it on Amazon - Deni D\u00edaz","robots":{"index":"index","follow":"follow","max-snippet":"max-snippet:-1","max-image-preview":"max-image-preview:large","max-video-preview":"max-video-preview:-1"},"canonical":"https:\/\/denidiaz.com\/es\/producto\/botanical-floral-coloring-book-buy-it-on-amazon\/","og_locale":"es_ES","og_type":"article","og_title":"Botanical & Floral Coloring Book - Buy it on Amazon - Deni D\u00edaz","og_description":"Coloring for teens &amp; adults: botanical illustrations, floral bouquets, and potted greenery. Discover a calming creative escape with this beautifully illustrated botanical coloring book \u2014 perfect for adults and teens who love plants, flowers, and mindful relaxation. This\u00a0Botanical &amp; Floral Coloring Book\u00a0features\u00a050 hand-drawn illustrations, each designed to spark creativity while helping you unwind. Inside, you\u2019ll [&hellip;]","og_url":"https:\/\/denidiaz.com\/es\/producto\/botanical-floral-coloring-book-buy-it-on-amazon\/","og_site_name":"Deni D\u00edaz","article_modified_time":"2026-01-18T17:32:29+00:00","og_image":[{"width":2557,"height":2560,"url":"https:\/\/denidiaz.com\/wp-content\/uploads\/2026\/01\/Portada-Amazon-Kdp-Deni-scaled.jpg","type":"image\/jpeg"}],"twitter_card":"summary_large_image","twitter_misc":{"Tiempo de lectura":"2 minutos"},"schema":{"@context":"https:\/\/schema.org","@graph":[{"@type":"WebPage","@id":"https:\/\/denidiaz.com\/producto\/botanical-floral-coloring-book-buy-it-on-amazon\/","url":"https:\/\/denidiaz.com\/producto\/botanical-floral-coloring-book-buy-it-on-amazon\/","name":"Botanical & Floral Coloring Book - Buy it on Amazon - Deni D\u00edaz","isPartOf":{"@id":"https:\/\/denidiaz.com\/#website"},"primaryImageOfPage":{"@id":"https:\/\/denidiaz.com\/producto\/botanical-floral-coloring-book-buy-it-on-amazon\/#primaryimage"},"image":{"@id":"https:\/\/denidiaz.com\/producto\/botanical-floral-coloring-book-buy-it-on-amazon\/#primaryimage"},"thumbnailUrl":"https:\/\/denidiaz.com\/wp-content\/uploads\/2026\/01\/Portada-Amazon-Kdp-Deni-scaled.jpg","datePublished":"2026-01-18T16:11:35+00:00","dateModified":"2026-01-18T17:32:29+00:00","breadcrumb":{"@id":"https:\/\/denidiaz.com\/producto\/botanical-floral-coloring-book-buy-it-on-amazon\/#breadcrumb"},"inLanguage":"es","potentialAction":[{"@type":"ReadAction","target":["https:\/\/denidiaz.com\/producto\/botanical-floral-coloring-book-buy-it-on-amazon\/"]}]},{"@type":"ImageObject","inLanguage":"es","@id":"https:\/\/denidiaz.com\/producto\/botanical-floral-coloring-book-buy-it-on-amazon\/#primaryimage","url":"https:\/\/denidiaz.com\/wp-content\/uploads\/2026\/01\/Portada-Amazon-Kdp-Deni-scaled.jpg","contentUrl":"https:\/\/denidiaz.com\/wp-content\/uploads\/2026\/01\/Portada-Amazon-Kdp-Deni-scaled.jpg","width":2557,"height":2560},{"@type":"BreadcrumbList","@id":"https:\/\/denidiaz.com\/producto\/botanical-floral-coloring-book-buy-it-on-amazon\/#breadcrumb","itemListElement":[{"@type":"ListItem","position":1,"name":"Portada","item":"https:\/\/denidiaz.com\/"},{"@type":"ListItem","position":2,"name":"Art Prints","item":"https:\/\/denidiaz.com\/art-prints\/"},{"@type":"ListItem","position":3,"name":"Botanical &#038; Floral Coloring Book &#8211; Buy it on Amazon"}]},{"@type":"WebSite","@id":"https:\/\/denidiaz.com\/#website","url":"https:\/\/denidiaz.com\/","name":"Deni D\u00edaz","description":"Designer and illustrator","publisher":{"@id":"https:\/\/denidiaz.com\/#organization"},"potentialAction":[{"@type":"SearchAction","target":{"@type":"EntryPoint","urlTemplate":"https:\/\/denidiaz.com\/?s={search_term_string}"},"query-input":{"@type":"PropertyValueSpecification","valueRequired":true,"valueName":"search_term_string"}}],"inLanguage":"es"},{"@type":"Organization","@id":"https:\/\/denidiaz.com\/#organization","name":"Deni D\u00edaz","url":"https:\/\/denidiaz.com\/","logo":{"@type":"ImageObject","inLanguage":"es","@id":"https:\/\/denidiaz.com\/#\/schema\/logo\/image\/","url":"https:\/\/denidiaz.com\/wp-content\/uploads\/2025\/02\/cropped-DENI-DIAZ-LOGO-23.png","contentUrl":"https:\/\/denidiaz.com\/wp-content\/uploads\/2025\/02\/cropped-DENI-DIAZ-LOGO-23.png","width":1080,"height":241,"caption":"Deni D\u00edaz"},"image":{"@id":"https:\/\/denidiaz.com\/#\/schema\/logo\/image\/"}}]}},"uagb_featured_image_src":{"full":["https:\/\/denidiaz.com\/wp-content\/uploads\/2026\/01\/Portada-Amazon-Kdp-Deni-scaled.jpg",2557,2560,false],"thumbnail":["https:\/\/denidiaz.com\/wp-content\/uploads\/2026\/01\/Portada-Amazon-Kdp-Deni-150x150.jpg",150,150,true],"medium":["https:\/\/denidiaz.com\/wp-content\/uploads\/2026\/01\/Portada-Amazon-Kdp-Deni-300x300.jpg",300,300,true],"medium_large":["https:\/\/denidiaz.com\/wp-content\/uploads\/2026\/01\/Portada-Amazon-Kdp-Deni-768x769.jpg",768,769,true],"large":["https:\/\/denidiaz.com\/wp-content\/uploads\/2026\/01\/Portada-Amazon-Kdp-Deni-1024x1024.jpg",1024,1024,true],"1536x1536":["https:\/\/denidiaz.com\/wp-content\/uploads\/2026\/01\/Portada-Amazon-Kdp-Deni-1534x1536.jpg",1534,1536,true],"2048x2048":["https:\/\/denidiaz.com\/wp-content\/uploads\/2026\/01\/Portada-Amazon-Kdp-Deni-2046x2048.jpg",2046,2048,true],"trp-custom-language-flag":["https:\/\/denidiaz.com\/wp-content\/uploads\/2026\/01\/Portada-Amazon-Kdp-Deni-12x12.jpg",12,12,true],"woocommerce_thumbnail":["https:\/\/denidiaz.com\/wp-content\/uploads\/2026\/01\/Portada-Amazon-Kdp-Deni-scaled-300x300.jpg",300,300,true],"woocommerce_single":["https:\/\/denidiaz.com\/wp-content\/uploads\/2026\/01\/Portada-Amazon-Kdp-Deni-scaled-600x601.jpg",600,601,true],"woocommerce_gallery_thumbnail":["https:\/\/denidiaz.com\/wp-content\/uploads\/2026\/01\/Portada-Amazon-Kdp-Deni-scaled-100x100.jpg",100,100,true]},"uagb_author_info":{"display_name":"Funes.84","author_link":"https:\/\/denidiaz.com\/es\/author\/"},"uagb_comment_info":0,"uagb_excerpt":"Coloring for teens &amp; adults: botanical illustrations, floral bouquets, and potted greenery. Discover a calming creative escape with this beautifully illustrated botanical coloring book \u2014 perfect for adults and teens who love plants, flowers, and mindful relaxation. This\u00a0Botanical &amp; Floral Coloring Book\u00a0features\u00a050 hand-drawn illustrations, each designed to spark creativity while helping you unwind. Inside, you\u2019ll&hellip;","jetpack_sharing_enabled":true,"_links":{"self":[{"href":"https:\/\/denidiaz.com\/es\/wp-json\/wp\/v2\/product\/1795","targetHints":{"allow":["GET"]}}],"collection":[{"href":"https:\/\/denidiaz.com\/es\/wp-json\/wp\/v2\/product"}],"about":[{"href":"https:\/\/denidiaz.com\/es\/wp-json\/wp\/v2\/types\/product"}],"version-history":[{"count":0,"href":"https:\/\/denidiaz.com\/es\/wp-json\/wp\/v2\/product\/1795\/revisions"}],"wp:featuredmedia":[{"embeddable":true,"href":"https:\/\/denidiaz.com\/es\/wp-json\/wp\/v2\/media\/1819"}],"wp:attachment":[{"href":"https:\/\/denidiaz.com\/es\/wp-json\/wp\/v2\/media?parent=1795"}],"wp:term":[{"taxonomy":"product_brand","embeddable":true,"href":"https:\/\/denidiaz.com\/es\/wp-json\/wp\/v2\/product_brand?post=1795"},{"taxonomy":"product_cat","embeddable":true,"href":"https:\/\/denidiaz.com\/es\/wp-json\/wp\/v2\/product_cat?post=1795"},{"taxonomy":"product_tag","embeddable":true,"href":"https:\/\/denidiaz.com\/es\/wp-json\/wp\/v2\/product_tag?post=1795"}],"curies":[{"name":"wp","href":"https:\/\/api.w.org\/{rel}","templated":true}]}}