{"id":1645,"date":"2026-01-07T20:30:42","date_gmt":"2026-01-07T19:30:42","guid":{"rendered":"https:\/\/denidiaz.com\/?post_type=product&#038;p=1645"},"modified":"2026-01-11T18:23:05","modified_gmt":"2026-01-11T17:23:05","slug":"maximalism-plants-and-cat","status":"publish","type":"product","link":"https:\/\/denidiaz.com\/es\/producto\/maximalism-plants-and-cat\/","title":{"rendered":"Maximalism plants and cat"},"content":{"rendered":"<p>Una hermosa impresi\u00f3n de inyecci\u00f3n de tinta de una ilustraci\u00f3n original de Denisse D\u00edaz. Dise\u00f1ada en Espa\u00f1a.<\/p>\n<ul>\n<li>Viene en A4 (tama\u00f1o de papel 21 x 29,7 cm).<\/li>\n<li>Premium Matte Paper Poster.<\/li>\n<li>Paper Finishing: Matte, smooth, non-reflective surface.<\/li>\n<li>Paper Weight:\u00a0200 gsm (80 lb)<\/li>\n<\/ul>","protected":false},"excerpt":{"rendered":"<p>A beautiful inkjet print of an original Illustration by Denisse D\u00edaz. Designed in Spain. Comes in A4 (paper size 21 x 29.7cm). Premium Matte Paper Poster. Paper Finishing: Matte, smooth, non-reflective surface. Paper Weight:\u00a0200 gsm (80 lb)<\/p>","protected":false},"featured_media":1644,"template":"","meta":{"_uag_custom_page_level_css":"","site-sidebar-layout":"default","site-content-layout":"","ast-site-content-layout":"default","site-content-style":"default","site-sidebar-style":"default","ast-global-header-display":"","ast-banner-title-visibility":"","ast-main-header-display":"","ast-hfb-above-header-display":"","ast-hfb-below-header-display":"","ast-hfb-mobile-header-display":"","site-post-title":"","ast-breadcrumbs-content":"","ast-featured-img":"","footer-sml-layout":"","ast-disable-related-posts":"","theme-transparent-header-meta":"default","adv-header-id-meta":"","stick-header-meta":"","header-above-stick-meta":"","header-main-stick-meta":"","header-below-stick-meta":"","astra-migrate-meta-layouts":"set","ast-page-background-enabled":"default","ast-page-background-meta":{"desktop":{"background-color":"","background-image":"","background-repeat":"repeat","background-position":"center center","background-size":"auto","background-attachment":"scroll","background-type":"","background-media":"","overlay-type":"","overlay-color":"","overlay-opacity":"","overlay-gradient":""},"tablet":{"background-color":"","background-image":"","background-repeat":"repeat","background-position":"center center","background-size":"auto","background-attachment":"scroll","background-type":"","background-media":"","overlay-type":"","overlay-color":"","overlay-opacity":"","overlay-gradient":""},"mobile":{"background-color":"","background-image":"","background-repeat":"repeat","background-position":"center center","background-size":"auto","background-attachment":"scroll","background-type":"","background-media":"","overlay-type":"","overlay-color":"","overlay-opacity":"","overlay-gradient":""}},"ast-content-background-meta":{"desktop":{"background-color":"var(--ast-global-color-5)","background-image":"","background-repeat":"repeat","background-position":"center center","background-size":"auto","background-attachment":"scroll","background-type":"","background-media":"","overlay-type":"","overlay-color":"","overlay-opacity":"","overlay-gradient":""},"tablet":{"background-color":"var(--ast-global-color-5)","background-image":"","background-repeat":"repeat","background-position":"center center","background-size":"auto","background-attachment":"scroll","background-type":"","background-media":"","overlay-type":"","overlay-color":"","overlay-opacity":"","overlay-gradient":""},"mobile":{"background-color":"var(--ast-global-color-5)","background-image":"","background-repeat":"repeat","background-position":"center center","background-size":"auto","background-attachment":"scroll","background-type":"","background-media":"","overlay-type":"","overlay-color":"","overlay-opacity":"","overlay-gradient":""}}},"product_brand":[69],"product_cat":[68],"product_tag":[],"class_list":{"0":"post-1645","1":"product","2":"type-product","3":"status-publish","4":"has-post-thumbnail","6":"product_brand-pirogui","7":"product_cat-artprints","8":"desktop-align-center","9":"tablet-align-left","10":"mobile-align-left","12":"first","13":"instock","14":"taxable","15":"shipping-taxable","16":"purchasable","17":"product-type-simple"},"yoast_head":"<!-- This site is optimized with the Yoast SEO plugin v27.3 - https:\/\/yoast.com\/product\/yoast-seo-wordpress\/ -->\n<title>Maximalism plants and cat - Deni D\u00edaz<\/title>\n<meta name=\"robots\" content=\"index, follow, max-snippet:-1, max-image-preview:large, max-video-preview:-1\" \/>\n<link rel=\"canonical\" href=\"https:\/\/denidiaz.com\/es\/producto\/maximalism-plants-and-cat\/\" \/>\n<meta property=\"og:locale\" content=\"es_ES\" \/>\n<meta property=\"og:type\" content=\"article\" \/>\n<meta property=\"og:title\" content=\"Maximalism plants and cat - Deni D\u00edaz\" \/>\n<meta property=\"og:description\" content=\"A beautiful inkjet print of an original Illustration by Denisse D\u00edaz. Designed in Spain. Comes in A4 (paper size 21 x 29.7cm). Premium Matte Paper Poster. Paper Finishing: Matte, smooth, non-reflective surface. Paper Weight:\u00a0200 gsm (80 lb)\" \/>\n<meta property=\"og:url\" content=\"https:\/\/denidiaz.com\/es\/producto\/maximalism-plants-and-cat\/\" \/>\n<meta property=\"og:site_name\" content=\"Deni D\u00edaz\" \/>\n<meta property=\"article:modified_time\" content=\"2026-01-11T17:23:05+00:00\" \/>\n<meta property=\"og:image\" content=\"https:\/\/denidiaz.com\/wp-content\/uploads\/2026\/01\/f6f8a917-e123-4d44-8f60-5c150206d5d0.jpg\" \/>\n\t<meta property=\"og:image:width\" content=\"2048\" \/>\n\t<meta property=\"og:image:height\" content=\"2048\" \/>\n\t<meta property=\"og:image:type\" content=\"image\/jpeg\" \/>\n<meta name=\"twitter:card\" content=\"summary_large_image\" \/>\n<meta name=\"twitter:label1\" content=\"Tiempo de lectura\" \/>\n\t<meta name=\"twitter:data1\" content=\"1 minuto\" \/>\n<script type=\"application\/ld+json\" class=\"yoast-schema-graph\">{\"@context\":\"https:\\\/\\\/schema.org\",\"@graph\":[{\"@type\":\"WebPage\",\"@id\":\"https:\\\/\\\/denidiaz.com\\\/producto\\\/maximalism-plants-and-cat\\\/\",\"url\":\"https:\\\/\\\/denidiaz.com\\\/producto\\\/maximalism-plants-and-cat\\\/\",\"name\":\"Maximalism plants and cat - Deni D\u00edaz\",\"isPartOf\":{\"@id\":\"https:\\\/\\\/denidiaz.com\\\/#website\"},\"primaryImageOfPage\":{\"@id\":\"https:\\\/\\\/denidiaz.com\\\/producto\\\/maximalism-plants-and-cat\\\/#primaryimage\"},\"image\":{\"@id\":\"https:\\\/\\\/denidiaz.com\\\/producto\\\/maximalism-plants-and-cat\\\/#primaryimage\"},\"thumbnailUrl\":\"https:\\\/\\\/denidiaz.com\\\/wp-content\\\/uploads\\\/2026\\\/01\\\/f6f8a917-e123-4d44-8f60-5c150206d5d0.jpg\",\"datePublished\":\"2026-01-07T19:30:42+00:00\",\"dateModified\":\"2026-01-11T17:23:05+00:00\",\"breadcrumb\":{\"@id\":\"https:\\\/\\\/denidiaz.com\\\/producto\\\/maximalism-plants-and-cat\\\/#breadcrumb\"},\"inLanguage\":\"es\",\"potentialAction\":[{\"@type\":\"ReadAction\",\"target\":[\"https:\\\/\\\/denidiaz.com\\\/producto\\\/maximalism-plants-and-cat\\\/\"]}]},{\"@type\":\"ImageObject\",\"inLanguage\":\"es\",\"@id\":\"https:\\\/\\\/denidiaz.com\\\/producto\\\/maximalism-plants-and-cat\\\/#primaryimage\",\"url\":\"https:\\\/\\\/denidiaz.com\\\/wp-content\\\/uploads\\\/2026\\\/01\\\/f6f8a917-e123-4d44-8f60-5c150206d5d0.jpg\",\"contentUrl\":\"https:\\\/\\\/denidiaz.com\\\/wp-content\\\/uploads\\\/2026\\\/01\\\/f6f8a917-e123-4d44-8f60-5c150206d5d0.jpg\",\"width\":2048,\"height\":2048},{\"@type\":\"BreadcrumbList\",\"@id\":\"https:\\\/\\\/denidiaz.com\\\/producto\\\/maximalism-plants-and-cat\\\/#breadcrumb\",\"itemListElement\":[{\"@type\":\"ListItem\",\"position\":1,\"name\":\"Portada\",\"item\":\"https:\\\/\\\/denidiaz.com\\\/\"},{\"@type\":\"ListItem\",\"position\":2,\"name\":\"Art Prints\",\"item\":\"https:\\\/\\\/denidiaz.com\\\/art-prints\\\/\"},{\"@type\":\"ListItem\",\"position\":3,\"name\":\"Maximalism plants and cat\"}]},{\"@type\":\"WebSite\",\"@id\":\"https:\\\/\\\/denidiaz.com\\\/#website\",\"url\":\"https:\\\/\\\/denidiaz.com\\\/\",\"name\":\"Deni D\u00edaz\",\"description\":\"Designer and illustrator\",\"publisher\":{\"@id\":\"https:\\\/\\\/denidiaz.com\\\/#organization\"},\"potentialAction\":[{\"@type\":\"SearchAction\",\"target\":{\"@type\":\"EntryPoint\",\"urlTemplate\":\"https:\\\/\\\/denidiaz.com\\\/?s={search_term_string}\"},\"query-input\":{\"@type\":\"PropertyValueSpecification\",\"valueRequired\":true,\"valueName\":\"search_term_string\"}}],\"inLanguage\":\"es\"},{\"@type\":\"Organization\",\"@id\":\"https:\\\/\\\/denidiaz.com\\\/#organization\",\"name\":\"Deni D\u00edaz\",\"url\":\"https:\\\/\\\/denidiaz.com\\\/\",\"logo\":{\"@type\":\"ImageObject\",\"inLanguage\":\"es\",\"@id\":\"https:\\\/\\\/denidiaz.com\\\/#\\\/schema\\\/logo\\\/image\\\/\",\"url\":\"https:\\\/\\\/denidiaz.com\\\/wp-content\\\/uploads\\\/2025\\\/02\\\/cropped-DENI-DIAZ-LOGO-23.png\",\"contentUrl\":\"https:\\\/\\\/denidiaz.com\\\/wp-content\\\/uploads\\\/2025\\\/02\\\/cropped-DENI-DIAZ-LOGO-23.png\",\"width\":1080,\"height\":241,\"caption\":\"Deni D\u00edaz\"},\"image\":{\"@id\":\"https:\\\/\\\/denidiaz.com\\\/#\\\/schema\\\/logo\\\/image\\\/\"}}]}<\/script>\n<!-- \/ Yoast SEO plugin. -->","yoast_head_json":{"title":"Maximalism plants and cat - Deni D\u00edaz","robots":{"index":"index","follow":"follow","max-snippet":"max-snippet:-1","max-image-preview":"max-image-preview:large","max-video-preview":"max-video-preview:-1"},"canonical":"https:\/\/denidiaz.com\/es\/producto\/maximalism-plants-and-cat\/","og_locale":"es_ES","og_type":"article","og_title":"Maximalism plants and cat - Deni D\u00edaz","og_description":"A beautiful inkjet print of an original Illustration by Denisse D\u00edaz. Designed in Spain. Comes in A4 (paper size 21 x 29.7cm). Premium Matte Paper Poster. Paper Finishing: Matte, smooth, non-reflective surface. Paper Weight:\u00a0200 gsm (80 lb)","og_url":"https:\/\/denidiaz.com\/es\/producto\/maximalism-plants-and-cat\/","og_site_name":"Deni D\u00edaz","article_modified_time":"2026-01-11T17:23:05+00:00","og_image":[{"width":2048,"height":2048,"url":"https:\/\/denidiaz.com\/wp-content\/uploads\/2026\/01\/f6f8a917-e123-4d44-8f60-5c150206d5d0.jpg","type":"image\/jpeg"}],"twitter_card":"summary_large_image","twitter_misc":{"Tiempo de lectura":"1 minuto"},"schema":{"@context":"https:\/\/schema.org","@graph":[{"@type":"WebPage","@id":"https:\/\/denidiaz.com\/producto\/maximalism-plants-and-cat\/","url":"https:\/\/denidiaz.com\/producto\/maximalism-plants-and-cat\/","name":"Maximalism plants and cat - Deni D\u00edaz","isPartOf":{"@id":"https:\/\/denidiaz.com\/#website"},"primaryImageOfPage":{"@id":"https:\/\/denidiaz.com\/producto\/maximalism-plants-and-cat\/#primaryimage"},"image":{"@id":"https:\/\/denidiaz.com\/producto\/maximalism-plants-and-cat\/#primaryimage"},"thumbnailUrl":"https:\/\/denidiaz.com\/wp-content\/uploads\/2026\/01\/f6f8a917-e123-4d44-8f60-5c150206d5d0.jpg","datePublished":"2026-01-07T19:30:42+00:00","dateModified":"2026-01-11T17:23:05+00:00","breadcrumb":{"@id":"https:\/\/denidiaz.com\/producto\/maximalism-plants-and-cat\/#breadcrumb"},"inLanguage":"es","potentialAction":[{"@type":"ReadAction","target":["https:\/\/denidiaz.com\/producto\/maximalism-plants-and-cat\/"]}]},{"@type":"ImageObject","inLanguage":"es","@id":"https:\/\/denidiaz.com\/producto\/maximalism-plants-and-cat\/#primaryimage","url":"https:\/\/denidiaz.com\/wp-content\/uploads\/2026\/01\/f6f8a917-e123-4d44-8f60-5c150206d5d0.jpg","contentUrl":"https:\/\/denidiaz.com\/wp-content\/uploads\/2026\/01\/f6f8a917-e123-4d44-8f60-5c150206d5d0.jpg","width":2048,"height":2048},{"@type":"BreadcrumbList","@id":"https:\/\/denidiaz.com\/producto\/maximalism-plants-and-cat\/#breadcrumb","itemListElement":[{"@type":"ListItem","position":1,"name":"Portada","item":"https:\/\/denidiaz.com\/"},{"@type":"ListItem","position":2,"name":"Art Prints","item":"https:\/\/denidiaz.com\/art-prints\/"},{"@type":"ListItem","position":3,"name":"Maximalism plants and cat"}]},{"@type":"WebSite","@id":"https:\/\/denidiaz.com\/#website","url":"https:\/\/denidiaz.com\/","name":"Deni D\u00edaz","description":"Designer and illustrator","publisher":{"@id":"https:\/\/denidiaz.com\/#organization"},"potentialAction":[{"@type":"SearchAction","target":{"@type":"EntryPoint","urlTemplate":"https:\/\/denidiaz.com\/?s={search_term_string}"},"query-input":{"@type":"PropertyValueSpecification","valueRequired":true,"valueName":"search_term_string"}}],"inLanguage":"es"},{"@type":"Organization","@id":"https:\/\/denidiaz.com\/#organization","name":"Deni D\u00edaz","url":"https:\/\/denidiaz.com\/","logo":{"@type":"ImageObject","inLanguage":"es","@id":"https:\/\/denidiaz.com\/#\/schema\/logo\/image\/","url":"https:\/\/denidiaz.com\/wp-content\/uploads\/2025\/02\/cropped-DENI-DIAZ-LOGO-23.png","contentUrl":"https:\/\/denidiaz.com\/wp-content\/uploads\/2025\/02\/cropped-DENI-DIAZ-LOGO-23.png","width":1080,"height":241,"caption":"Deni D\u00edaz"},"image":{"@id":"https:\/\/denidiaz.com\/#\/schema\/logo\/image\/"}}]}},"uagb_featured_image_src":{"full":["https:\/\/denidiaz.com\/wp-content\/uploads\/2026\/01\/f6f8a917-e123-4d44-8f60-5c150206d5d0.jpg",2048,2048,false],"thumbnail":["https:\/\/denidiaz.com\/wp-content\/uploads\/2026\/01\/f6f8a917-e123-4d44-8f60-5c150206d5d0-150x150.jpg",150,150,true],"medium":["https:\/\/denidiaz.com\/wp-content\/uploads\/2026\/01\/f6f8a917-e123-4d44-8f60-5c150206d5d0-300x300.jpg",300,300,true],"medium_large":["https:\/\/denidiaz.com\/wp-content\/uploads\/2026\/01\/f6f8a917-e123-4d44-8f60-5c150206d5d0-768x768.jpg",768,768,true],"large":["https:\/\/denidiaz.com\/wp-content\/uploads\/2026\/01\/f6f8a917-e123-4d44-8f60-5c150206d5d0-1024x1024.jpg",1024,1024,true],"1536x1536":["https:\/\/denidiaz.com\/wp-content\/uploads\/2026\/01\/f6f8a917-e123-4d44-8f60-5c150206d5d0-1536x1536.jpg",1536,1536,true],"2048x2048":["https:\/\/denidiaz.com\/wp-content\/uploads\/2026\/01\/f6f8a917-e123-4d44-8f60-5c150206d5d0.jpg",2048,2048,false],"trp-custom-language-flag":["https:\/\/denidiaz.com\/wp-content\/uploads\/2026\/01\/f6f8a917-e123-4d44-8f60-5c150206d5d0-12x12.jpg",12,12,true],"woocommerce_thumbnail":["https:\/\/denidiaz.com\/wp-content\/uploads\/2026\/01\/f6f8a917-e123-4d44-8f60-5c150206d5d0-300x300.jpg",300,300,true],"woocommerce_single":["https:\/\/denidiaz.com\/wp-content\/uploads\/2026\/01\/f6f8a917-e123-4d44-8f60-5c150206d5d0-600x600.jpg",600,600,true],"woocommerce_gallery_thumbnail":["https:\/\/denidiaz.com\/wp-content\/uploads\/2026\/01\/f6f8a917-e123-4d44-8f60-5c150206d5d0-100x100.jpg",100,100,true]},"uagb_author_info":{"display_name":"Funes.84","author_link":"https:\/\/denidiaz.com\/es\/author\/"},"uagb_comment_info":0,"uagb_excerpt":"A beautiful inkjet print of an original Illustration by Denisse D\u00edaz. Designed in Spain. Comes in A4 (paper size 21 x 29.7cm). Premium Matte Paper Poster. Paper Finishing: Matte, smooth, non-reflective surface. Paper Weight:\u00a0200 gsm (80 lb)","jetpack_sharing_enabled":true,"_links":{"self":[{"href":"https:\/\/denidiaz.com\/es\/wp-json\/wp\/v2\/product\/1645","targetHints":{"allow":["GET"]}}],"collection":[{"href":"https:\/\/denidiaz.com\/es\/wp-json\/wp\/v2\/product"}],"about":[{"href":"https:\/\/denidiaz.com\/es\/wp-json\/wp\/v2\/types\/product"}],"version-history":[{"count":0,"href":"https:\/\/denidiaz.com\/es\/wp-json\/wp\/v2\/product\/1645\/revisions"}],"wp:featuredmedia":[{"embeddable":true,"href":"https:\/\/denidiaz.com\/es\/wp-json\/wp\/v2\/media\/1644"}],"wp:attachment":[{"href":"https:\/\/denidiaz.com\/es\/wp-json\/wp\/v2\/media?parent=1645"}],"wp:term":[{"taxonomy":"product_brand","embeddable":true,"href":"https:\/\/denidiaz.com\/es\/wp-json\/wp\/v2\/product_brand?post=1645"},{"taxonomy":"product_cat","embeddable":true,"href":"https:\/\/denidiaz.com\/es\/wp-json\/wp\/v2\/product_cat?post=1645"},{"taxonomy":"product_tag","embeddable":true,"href":"https:\/\/denidiaz.com\/es\/wp-json\/wp\/v2\/product_tag?post=1645"}],"curies":[{"name":"wp","href":"https:\/\/api.w.org\/{rel}","templated":true}]}}