{"id":1856,"date":"2026-01-25T18:15:29","date_gmt":"2026-01-25T17:15:29","guid":{"rendered":"https:\/\/denidiaz.com\/?page_id=1856"},"modified":"2026-03-06T16:20:20","modified_gmt":"2026-03-06T15:20:20","slug":"store","status":"publish","type":"page","link":"https:\/\/denidiaz.com\/es\/store\/","title":{"rendered":"Tienda"},"content":{"rendered":"<div data-elementor-type=\"wp-page\" data-elementor-id=\"1856\" class=\"elementor elementor-1856\" data-elementor-post-type=\"page\">\n\t\t\t\t<div class=\"elementor-element elementor-element-c230ed0 e-flex e-con-boxed e-con e-parent\" data-id=\"c230ed0\" data-element_type=\"container\" data-e-type=\"container\" data-settings=\"{&quot;background_background&quot;:&quot;classic&quot;}\">\n\t\t\t\t\t<div class=\"e-con-inner\">\n\t\t\t\t<div class=\"elementor-element elementor-element-6be806f elementor-widget elementor-widget-spacer\" data-id=\"6be806f\" data-element_type=\"widget\" data-e-type=\"widget\" data-widget_type=\"spacer.default\">\n\t\t\t\t<div class=\"elementor-widget-container\">\n\t\t\t\t\t\t\t<div class=\"elementor-spacer\">\n\t\t\t<div class=\"elementor-spacer-inner\"><\/div>\n\t\t<\/div>\n\t\t\t\t\t\t<\/div>\n\t\t\t\t<\/div>\n\t\t\t\t\t<\/div>\n\t\t\t\t<\/div>\n\t\t<div class=\"elementor-element elementor-element-ea69458 e-flex e-con-boxed e-con e-parent\" data-id=\"ea69458\" data-element_type=\"container\" data-e-type=\"container\" data-settings=\"{&quot;background_background&quot;:&quot;classic&quot;}\">\n\t\t\t\t\t<div class=\"e-con-inner\">\n\t\t\t\t<div class=\"elementor-element elementor-element-1147223 elementor-widget__width-initial elementor-widget elementor-widget-heading\" data-id=\"1147223\" data-element_type=\"widget\" data-e-type=\"widget\" data-widget_type=\"heading.default\">\n\t\t\t\t<div class=\"elementor-widget-container\">\n\t\t\t\t\t<h2 class=\"elementor-heading-title elementor-size-default\"><a href=\"https:\/\/denidiaz.com\/art-prints\/\">L\u00e1minas de Arte<\/a><\/h2>\t\t\t\t<\/div>\n\t\t\t\t<\/div>\n\t\t\t\t\t<\/div>\n\t\t\t\t<\/div>\n\t\t<div class=\"elementor-element elementor-element-409b0ec e-flex e-con-boxed e-con e-parent\" data-id=\"409b0ec\" data-element_type=\"container\" data-e-type=\"container\" data-settings=\"{&quot;background_background&quot;:&quot;classic&quot;}\">\n\t\t\t\t\t<div class=\"e-con-inner\">\n\t\t\t\t<div class=\"elementor-element elementor-element-24f07af elementor-widget elementor-widget-spacer\" data-id=\"24f07af\" data-element_type=\"widget\" data-e-type=\"widget\" data-widget_type=\"spacer.default\">\n\t\t\t\t<div class=\"elementor-widget-container\">\n\t\t\t\t\t\t\t<div class=\"elementor-spacer\">\n\t\t\t<div class=\"elementor-spacer-inner\"><\/div>\n\t\t<\/div>\n\t\t\t\t\t\t<\/div>\n\t\t\t\t<\/div>\n\t\t\t\t\t<\/div>\n\t\t\t\t<\/div>\n\t\t<div class=\"elementor-element elementor-element-dee2285 e-flex e-con-boxed e-con e-parent\" data-id=\"dee2285\" data-element_type=\"container\" data-e-type=\"container\" data-settings=\"{&quot;background_background&quot;:&quot;classic&quot;}\">\n\t\t\t\t\t<div class=\"e-con-inner\">\n\t\t\t\t<div class=\"elementor-element elementor-element-163ab00 elementor-widget__width-initial elementor-widget elementor-widget-heading\" data-id=\"163ab00\" data-element_type=\"widget\" data-e-type=\"widget\" data-widget_type=\"heading.default\">\n\t\t\t\t<div class=\"elementor-widget-container\">\n\t\t\t\t\t<h2 class=\"elementor-heading-title elementor-size-default\"><a href=\"https:\/\/denidiaz.com\/coloring-book\/\">Libro<\/a><\/h2>\t\t\t\t<\/div>\n\t\t\t\t<\/div>\n\t\t\t\t\t<\/div>\n\t\t\t\t<\/div>\n\t\t<div class=\"elementor-element elementor-element-6b318e9 e-flex e-con-boxed e-con e-parent\" data-id=\"6b318e9\" data-element_type=\"container\" data-e-type=\"container\" data-settings=\"{&quot;background_background&quot;:&quot;classic&quot;}\">\n\t\t\t\t\t<div class=\"e-con-inner\">\n\t\t\t\t<div class=\"elementor-element elementor-element-c17c653 elementor-widget elementor-widget-spacer\" data-id=\"c17c653\" data-element_type=\"widget\" data-e-type=\"widget\" data-widget_type=\"spacer.default\">\n\t\t\t\t<div class=\"elementor-widget-container\">\n\t\t\t\t\t\t\t<div class=\"elementor-spacer\">\n\t\t\t<div class=\"elementor-spacer-inner\"><\/div>\n\t\t<\/div>\n\t\t\t\t\t\t<\/div>\n\t\t\t\t<\/div>\n\t\t\t\t\t<\/div>\n\t\t\t\t<\/div>\n\t\t<div class=\"elementor-element elementor-element-383caff e-flex e-con-boxed e-con e-parent\" data-id=\"383caff\" data-element_type=\"container\" data-e-type=\"container\" data-settings=\"{&quot;background_background&quot;:&quot;classic&quot;}\">\n\t\t\t\t\t<div class=\"e-con-inner\">\n\t\t\t\t<div class=\"elementor-element elementor-element-6d49611 elementor-widget__width-initial elementor-widget elementor-widget-heading\" data-id=\"6d49611\" data-element_type=\"widget\" data-e-type=\"widget\" data-widget_type=\"heading.default\">\n\t\t\t\t<div class=\"elementor-widget-container\">\n\t\t\t\t\t<h2 class=\"elementor-heading-title elementor-size-default\"><a href=\"https:\/\/denidiaz.com\/calendars\/\">Calendarios<\/a><\/h2>\t\t\t\t<\/div>\n\t\t\t\t<\/div>\n\t\t\t\t\t<\/div>\n\t\t\t\t<\/div>\n\t\t<div class=\"elementor-element elementor-element-a7b09f5 e-flex e-con-boxed e-con e-parent\" data-id=\"a7b09f5\" data-element_type=\"container\" data-e-type=\"container\" data-settings=\"{&quot;background_background&quot;:&quot;classic&quot;}\">\n\t\t\t\t\t<div class=\"e-con-inner\">\n\t\t\t\t<div class=\"elementor-element elementor-element-4c065d9 elementor-widget elementor-widget-spacer\" data-id=\"4c065d9\" data-element_type=\"widget\" data-e-type=\"widget\" data-widget_type=\"spacer.default\">\n\t\t\t\t<div class=\"elementor-widget-container\">\n\t\t\t\t\t\t\t<div class=\"elementor-spacer\">\n\t\t\t<div class=\"elementor-spacer-inner\"><\/div>\n\t\t<\/div>\n\t\t\t\t\t\t<\/div>\n\t\t\t\t<\/div>\n\t\t\t\t\t<\/div>\n\t\t\t\t<\/div>\n\t\t<div class=\"elementor-element elementor-element-f5407b1 e-flex e-con-boxed e-con e-parent\" data-id=\"f5407b1\" data-element_type=\"container\" data-e-type=\"container\" data-settings=\"{&quot;background_background&quot;:&quot;classic&quot;}\">\n\t\t\t\t\t<div class=\"e-con-inner\">\n\t\t\t\t<div class=\"elementor-element elementor-element-4b6b1aa elementor-widget__width-inherit elementor-arrows-position-outside elementor--h-position-center elementor--v-position-middle elementor-widget elementor-widget-slides\" data-id=\"4b6b1aa\" data-element_type=\"widget\" data-e-type=\"widget\" data-settings=\"{&quot;navigation&quot;:&quot;arrows&quot;,&quot;autoplay&quot;:&quot;yes&quot;,&quot;pause_on_hover&quot;:&quot;yes&quot;,&quot;pause_on_interaction&quot;:&quot;yes&quot;,&quot;autoplay_speed&quot;:5000,&quot;infinite&quot;:&quot;yes&quot;,&quot;transition&quot;:&quot;slide&quot;,&quot;transition_speed&quot;:500}\" data-widget_type=\"slides.default\">\n\t\t\t\t<div class=\"elementor-widget-container\">\n\t\t\t\t\t\t\t\t\t<div class=\"elementor-swiper\">\n\t\t\t\t\t<div class=\"elementor-slides-wrapper elementor-main-swiper swiper\" role=\"region\" aria-roledescription=\"carousel\" aria-label=\"Slides\" dir=\"ltr\" data-animation=\"fadeInUp\">\n\t\t\t\t<div class=\"swiper-wrapper elementor-slides\">\n\t\t\t\t\t\t\t\t\t\t<div class=\"elementor-repeater-item-84f6eea swiper-slide\" role=\"group\" aria-roledescription=\"slide\"><div class=\"swiper-slide-bg\"><\/div><a class=\"swiper-slide-inner\" href=\"https:\/\/www.spoonflower.com\/profiles\/denidiaz\" target=\"_blank\"><div class=\"swiper-slide-contents\"><div class=\"elementor-slide-heading\">Spoonflower<\/div><div class=\"elementor-slide-description\">Spoonflower ofrece telas, papeles pintados y productos terminados de primera calidad con dise\u00f1os exclusivos de artistas de todo el mundo.<\/div><div  class=\"elementor-button elementor-slide-button elementor-size-sm\">Click Aqu\u00ed<\/div><\/div><\/a><\/div><div class=\"elementor-repeater-item-38e50a0 swiper-slide\" role=\"group\" aria-roledescription=\"slide\"><div class=\"swiper-slide-bg\"><\/div><a class=\"swiper-slide-inner\" href=\"https:\/\/www.thortful.com\/creator\/bydenidiaz\" target=\"_blank\"><div class=\"swiper-slide-contents\"><div class=\"elementor-slide-heading\">Thortful<\/div><div class=\"elementor-slide-description\">\u00a1Encuentra tarjetas de felicitaci\u00f3n incre\u00edbles!<\/div><div  class=\"elementor-button elementor-slide-button elementor-size-sm\">Click Aqu\u00ed<\/div><\/div><\/a><\/div><div class=\"elementor-repeater-item-8e7a635 swiper-slide\" role=\"group\" aria-roledescription=\"slide\"><div class=\"swiper-slide-bg\"><\/div><a class=\"swiper-slide-inner\" href=\"https:\/\/creativemarket.com\/DeniDiaz\" target=\"_blank\"><div class=\"swiper-slide-contents\"><div class=\"elementor-slide-heading\">Creative Market<\/div><div class=\"elementor-slide-description\">\u00a1Consegu\u00ed mis ilustraciones para producir tazas, tarjetas, art\u00edculos de papeler\u00eda, patrones, pegatinas, papel de regalo y mucho m\u00e1s!<\/div><div  class=\"elementor-button elementor-slide-button elementor-size-sm\">Click Aqu\u00ed<\/div><\/div><\/a><\/div><div class=\"elementor-repeater-item-7ac06f5 swiper-slide\" role=\"group\" aria-roledescription=\"slide\"><div class=\"swiper-slide-bg\"><\/div><a class=\"swiper-slide-inner\" href=\"https:\/\/www.redbubble.com\/people\/IlustraDeni\/shop?asc=u\" target=\"_blank\"><div class=\"swiper-slide-contents\"><div class=\"elementor-slide-heading\">Redbuble<\/div><div class=\"elementor-slide-description\">\u00a1Compre mis dise\u00f1os en ropa, calcoman\u00edas, fundas para tel\u00e9fonos, decoraci\u00f3n del hogar, accesorios, papeler\u00eda y mucho m\u00e1s!<\/div><div  class=\"elementor-button elementor-slide-button elementor-size-sm\">Click Aqu\u00ed<\/div><\/div><\/a><\/div>\t\t\t\t<\/div>\n\t\t\t\t\t\t\t\t\t\t\t\t\t\t\t<div class=\"elementor-swiper-button elementor-swiper-button-prev\" role=\"button\" tabindex=\"0\" aria-label=\"Previous slide\">\n\t\t\t\t\t\t\t<svg aria-hidden=\"true\" class=\"e-font-icon-svg e-eicon-chevron-left\" viewbox=\"0 0 1000 1000\" xmlns=\"http:\/\/www.w3.org\/2000\/svg\"><path d=\"M646 125C629 125 613 133 604 142L308 442C296 454 292 471 292 487 292 504 296 521 308 533L604 854C617 867 629 875 646 875 663 875 679 871 692 858 704 846 713 829 713 812 713 796 708 779 692 767L438 487 692 225C700 217 708 204 708 187 708 171 704 154 692 142 675 129 663 125 646 125Z\"><\/path><\/svg>\t\t\t\t\t\t<\/div>\n\t\t\t\t\t\t<div class=\"elementor-swiper-button elementor-swiper-button-next\" role=\"button\" tabindex=\"0\" aria-label=\"Next slide\">\n\t\t\t\t\t\t\t<svg aria-hidden=\"true\" class=\"e-font-icon-svg e-eicon-chevron-right\" viewbox=\"0 0 1000 1000\" xmlns=\"http:\/\/www.w3.org\/2000\/svg\"><path d=\"M696 533C708 521 713 504 713 487 713 471 708 454 696 446L400 146C388 133 375 125 354 125 338 125 325 129 313 142 300 154 292 171 292 187 292 204 296 221 308 233L563 492 304 771C292 783 288 800 288 817 288 833 296 850 308 863 321 871 338 875 354 875 371 875 388 867 400 854L696 533Z\"><\/path><\/svg>\t\t\t\t\t\t<\/div>\n\t\t\t\t\t\t\t\t\t\t\t\t\t\t\t\t\t<\/div>\n\t\t\t\t<\/div>\n\t\t\t\t\t\t\t\t<\/div>\n\t\t\t\t<\/div>\n\t\t\t\t\t<\/div>\n\t\t\t\t<\/div>\n\t\t<div class=\"elementor-element elementor-element-dc1f73e e-flex e-con-boxed e-con e-parent\" data-id=\"dc1f73e\" data-element_type=\"container\" data-e-type=\"container\">\n\t\t\t\t\t<div class=\"e-con-inner\">\n\t\t\t\t<div class=\"elementor-element elementor-element-07f06c0 elementor-widget elementor-widget-spacer\" data-id=\"07f06c0\" data-element_type=\"widget\" data-e-type=\"widget\" data-widget_type=\"spacer.default\">\n\t\t\t\t<div class=\"elementor-widget-container\">\n\t\t\t\t\t\t\t<div class=\"elementor-spacer\">\n\t\t\t<div class=\"elementor-spacer-inner\"><\/div>\n\t\t<\/div>\n\t\t\t\t\t\t<\/div>\n\t\t\t\t<\/div>\n\t\t\t\t\t<\/div>\n\t\t\t\t<\/div>\n\t\t\t\t<\/div>","protected":false},"excerpt":{"rendered":"<p>Arts Prints Coloring Book Calendars SpoonflowerSpoonflower offers premium quality fabrics, wallpapers and finished products featuring exclusive designs by artists from around the world.Click HereThortfulFind amazing greeting cards!Click HereCreative MarketI got my illustrations to produce mugs, cards, stationery, patterns, stickers, gift wrap and much more!!Click HereRedbubleShop my designs on clothing, stickers, phone cases, home decor, home, [&hellip;]<\/p>\n","protected":false},"author":2,"featured_media":0,"parent":0,"menu_order":0,"comment_status":"closed","ping_status":"closed","template":"","meta":{"_uag_custom_page_level_css":"","site-sidebar-layout":"no-sidebar","site-content-layout":"page-builder","ast-site-content-layout":"full-width-container","site-content-style":"unboxed","site-sidebar-style":"unboxed","ast-global-header-display":"","ast-banner-title-visibility":"","ast-main-header-display":"","ast-hfb-above-header-display":"","ast-hfb-below-header-display":"","ast-hfb-mobile-header-display":"","site-post-title":"disabled","ast-breadcrumbs-content":"","ast-featured-img":"disabled","footer-sml-layout":"","ast-disable-related-posts":"","theme-transparent-header-meta":"","adv-header-id-meta":"","stick-header-meta":"","header-above-stick-meta":"","header-main-stick-meta":"","header-below-stick-meta":"","astra-migrate-meta-layouts":"set","ast-page-background-enabled":"default","ast-page-background-meta":{"desktop":{"background-color":"","background-image":"","background-repeat":"repeat","background-position":"center center","background-size":"auto","background-attachment":"scroll","background-type":"","background-media":"","overlay-type":"","overlay-color":"","overlay-opacity":"","overlay-gradient":""},"tablet":{"background-color":"","background-image":"","background-repeat":"repeat","background-position":"center center","background-size":"auto","background-attachment":"scroll","background-type":"","background-media":"","overlay-type":"","overlay-color":"","overlay-opacity":"","overlay-gradient":""},"mobile":{"background-color":"","background-image":"","background-repeat":"repeat","background-position":"center center","background-size":"auto","background-attachment":"scroll","background-type":"","background-media":"","overlay-type":"","overlay-color":"","overlay-opacity":"","overlay-gradient":""}},"ast-content-background-meta":{"desktop":{"background-color":"var(--ast-global-color-5)","background-image":"","background-repeat":"repeat","background-position":"center center","background-size":"auto","background-attachment":"scroll","background-type":"","background-media":"","overlay-type":"","overlay-color":"","overlay-opacity":"","overlay-gradient":""},"tablet":{"background-color":"var(--ast-global-color-5)","background-image":"","background-repeat":"repeat","background-position":"center center","background-size":"auto","background-attachment":"scroll","background-type":"","background-media":"","overlay-type":"","overlay-color":"","overlay-opacity":"","overlay-gradient":""},"mobile":{"background-color":"var(--ast-global-color-5)","background-image":"","background-repeat":"repeat","background-position":"center center","background-size":"auto","background-attachment":"scroll","background-type":"","background-media":"","overlay-type":"","overlay-color":"","overlay-opacity":"","overlay-gradient":""}},"footnotes":""},"class_list":["post-1856","page","type-page","status-publish","hentry"],"yoast_head":"<!-- This site is optimized with the Yoast SEO plugin v27.3 - https:\/\/yoast.com\/product\/yoast-seo-wordpress\/ -->\n<title>Store - Deni D\u00edaz<\/title>\n<meta name=\"robots\" content=\"index, follow, max-snippet:-1, max-image-preview:large, max-video-preview:-1\" \/>\n<link rel=\"canonical\" href=\"https:\/\/denidiaz.com\/es\/store\/\" \/>\n<meta property=\"og:locale\" content=\"es_ES\" \/>\n<meta property=\"og:type\" content=\"article\" \/>\n<meta property=\"og:title\" content=\"Store - Deni D\u00edaz\" \/>\n<meta property=\"og:description\" content=\"Arts Prints Coloring Book Calendars SpoonflowerSpoonflower offers premium quality fabrics, wallpapers and finished products featuring exclusive designs by artists from around the world.Click HereThortfulFind amazing greeting cards!Click HereCreative MarketI got my illustrations to produce mugs, cards, stationery, patterns, stickers, gift wrap and much more!!Click HereRedbubleShop my designs on clothing, stickers, phone cases, home decor, home, [&hellip;]\" \/>\n<meta property=\"og:url\" content=\"https:\/\/denidiaz.com\/es\/store\/\" \/>\n<meta property=\"og:site_name\" content=\"Deni D\u00edaz\" \/>\n<meta property=\"article:modified_time\" content=\"2026-03-06T15:20:20+00:00\" \/>\n<meta name=\"twitter:card\" content=\"summary_large_image\" \/>\n<meta name=\"twitter:label1\" content=\"Tiempo de lectura\" \/>\n\t<meta name=\"twitter:data1\" content=\"1 minuto\" \/>\n<script type=\"application\/ld+json\" class=\"yoast-schema-graph\">{\"@context\":\"https:\\\/\\\/schema.org\",\"@graph\":[{\"@type\":\"WebPage\",\"@id\":\"https:\\\/\\\/denidiaz.com\\\/store\\\/\",\"url\":\"https:\\\/\\\/denidiaz.com\\\/store\\\/\",\"name\":\"Store - Deni D\u00edaz\",\"isPartOf\":{\"@id\":\"https:\\\/\\\/denidiaz.com\\\/#website\"},\"datePublished\":\"2026-01-25T17:15:29+00:00\",\"dateModified\":\"2026-03-06T15:20:20+00:00\",\"breadcrumb\":{\"@id\":\"https:\\\/\\\/denidiaz.com\\\/store\\\/#breadcrumb\"},\"inLanguage\":\"es\",\"potentialAction\":[{\"@type\":\"ReadAction\",\"target\":[\"https:\\\/\\\/denidiaz.com\\\/store\\\/\"]}]},{\"@type\":\"BreadcrumbList\",\"@id\":\"https:\\\/\\\/denidiaz.com\\\/store\\\/#breadcrumb\",\"itemListElement\":[{\"@type\":\"ListItem\",\"position\":1,\"name\":\"Portada\",\"item\":\"https:\\\/\\\/denidiaz.com\\\/\"},{\"@type\":\"ListItem\",\"position\":2,\"name\":\"Store\"}]},{\"@type\":\"WebSite\",\"@id\":\"https:\\\/\\\/denidiaz.com\\\/#website\",\"url\":\"https:\\\/\\\/denidiaz.com\\\/\",\"name\":\"Deni D\u00edaz\",\"description\":\"Designer and illustrator\",\"publisher\":{\"@id\":\"https:\\\/\\\/denidiaz.com\\\/#organization\"},\"potentialAction\":[{\"@type\":\"SearchAction\",\"target\":{\"@type\":\"EntryPoint\",\"urlTemplate\":\"https:\\\/\\\/denidiaz.com\\\/?s={search_term_string}\"},\"query-input\":{\"@type\":\"PropertyValueSpecification\",\"valueRequired\":true,\"valueName\":\"search_term_string\"}}],\"inLanguage\":\"es\"},{\"@type\":\"Organization\",\"@id\":\"https:\\\/\\\/denidiaz.com\\\/#organization\",\"name\":\"Deni D\u00edaz\",\"url\":\"https:\\\/\\\/denidiaz.com\\\/\",\"logo\":{\"@type\":\"ImageObject\",\"inLanguage\":\"es\",\"@id\":\"https:\\\/\\\/denidiaz.com\\\/#\\\/schema\\\/logo\\\/image\\\/\",\"url\":\"https:\\\/\\\/denidiaz.com\\\/wp-content\\\/uploads\\\/2025\\\/02\\\/cropped-DENI-DIAZ-LOGO-23.png\",\"contentUrl\":\"https:\\\/\\\/denidiaz.com\\\/wp-content\\\/uploads\\\/2025\\\/02\\\/cropped-DENI-DIAZ-LOGO-23.png\",\"width\":1080,\"height\":241,\"caption\":\"Deni D\u00edaz\"},\"image\":{\"@id\":\"https:\\\/\\\/denidiaz.com\\\/#\\\/schema\\\/logo\\\/image\\\/\"}}]}<\/script>\n<!-- \/ Yoast SEO plugin. -->","yoast_head_json":{"title":"Store - Deni D\u00edaz","robots":{"index":"index","follow":"follow","max-snippet":"max-snippet:-1","max-image-preview":"max-image-preview:large","max-video-preview":"max-video-preview:-1"},"canonical":"https:\/\/denidiaz.com\/es\/store\/","og_locale":"es_ES","og_type":"article","og_title":"Store - Deni D\u00edaz","og_description":"Arts Prints Coloring Book Calendars SpoonflowerSpoonflower offers premium quality fabrics, wallpapers and finished products featuring exclusive designs by artists from around the world.Click HereThortfulFind amazing greeting cards!Click HereCreative MarketI got my illustrations to produce mugs, cards, stationery, patterns, stickers, gift wrap and much more!!Click HereRedbubleShop my designs on clothing, stickers, phone cases, home decor, home, [&hellip;]","og_url":"https:\/\/denidiaz.com\/es\/store\/","og_site_name":"Deni D\u00edaz","article_modified_time":"2026-03-06T15:20:20+00:00","twitter_card":"summary_large_image","twitter_misc":{"Tiempo de lectura":"1 minuto"},"schema":{"@context":"https:\/\/schema.org","@graph":[{"@type":"WebPage","@id":"https:\/\/denidiaz.com\/store\/","url":"https:\/\/denidiaz.com\/store\/","name":"Store - Deni D\u00edaz","isPartOf":{"@id":"https:\/\/denidiaz.com\/#website"},"datePublished":"2026-01-25T17:15:29+00:00","dateModified":"2026-03-06T15:20:20+00:00","breadcrumb":{"@id":"https:\/\/denidiaz.com\/store\/#breadcrumb"},"inLanguage":"es","potentialAction":[{"@type":"ReadAction","target":["https:\/\/denidiaz.com\/store\/"]}]},{"@type":"BreadcrumbList","@id":"https:\/\/denidiaz.com\/store\/#breadcrumb","itemListElement":[{"@type":"ListItem","position":1,"name":"Portada","item":"https:\/\/denidiaz.com\/"},{"@type":"ListItem","position":2,"name":"Store"}]},{"@type":"WebSite","@id":"https:\/\/denidiaz.com\/#website","url":"https:\/\/denidiaz.com\/","name":"Deni D\u00edaz","description":"Designer and illustrator","publisher":{"@id":"https:\/\/denidiaz.com\/#organization"},"potentialAction":[{"@type":"SearchAction","target":{"@type":"EntryPoint","urlTemplate":"https:\/\/denidiaz.com\/?s={search_term_string}"},"query-input":{"@type":"PropertyValueSpecification","valueRequired":true,"valueName":"search_term_string"}}],"inLanguage":"es"},{"@type":"Organization","@id":"https:\/\/denidiaz.com\/#organization","name":"Deni D\u00edaz","url":"https:\/\/denidiaz.com\/","logo":{"@type":"ImageObject","inLanguage":"es","@id":"https:\/\/denidiaz.com\/#\/schema\/logo\/image\/","url":"https:\/\/denidiaz.com\/wp-content\/uploads\/2025\/02\/cropped-DENI-DIAZ-LOGO-23.png","contentUrl":"https:\/\/denidiaz.com\/wp-content\/uploads\/2025\/02\/cropped-DENI-DIAZ-LOGO-23.png","width":1080,"height":241,"caption":"Deni D\u00edaz"},"image":{"@id":"https:\/\/denidiaz.com\/#\/schema\/logo\/image\/"}}]}},"uagb_featured_image_src":{"full":false,"thumbnail":false,"medium":false,"medium_large":false,"large":false,"1536x1536":false,"2048x2048":false,"trp-custom-language-flag":false,"woocommerce_thumbnail":false,"woocommerce_single":false,"woocommerce_gallery_thumbnail":false},"uagb_author_info":{"display_name":"Funes.84","author_link":"https:\/\/denidiaz.com\/es\/author\/funes-84\/"},"uagb_comment_info":0,"uagb_excerpt":"Arts Prints Coloring Book Calendars SpoonflowerSpoonflower offers premium quality fabrics, wallpapers and finished products featuring exclusive designs by artists from around the world.Click HereThortfulFind amazing greeting cards!Click HereCreative MarketI got my illustrations to produce mugs, cards, stationery, patterns, stickers, gift wrap and much more!!Click HereRedbubleShop my designs on clothing, stickers, phone cases, home decor, home,&hellip;","jetpack_sharing_enabled":true,"_links":{"self":[{"href":"https:\/\/denidiaz.com\/es\/wp-json\/wp\/v2\/pages\/1856","targetHints":{"allow":["GET"]}}],"collection":[{"href":"https:\/\/denidiaz.com\/es\/wp-json\/wp\/v2\/pages"}],"about":[{"href":"https:\/\/denidiaz.com\/es\/wp-json\/wp\/v2\/types\/page"}],"author":[{"embeddable":true,"href":"https:\/\/denidiaz.com\/es\/wp-json\/wp\/v2\/users\/2"}],"replies":[{"embeddable":true,"href":"https:\/\/denidiaz.com\/es\/wp-json\/wp\/v2\/comments?post=1856"}],"version-history":[{"count":3,"href":"https:\/\/denidiaz.com\/es\/wp-json\/wp\/v2\/pages\/1856\/revisions"}],"predecessor-version":[{"id":2145,"href":"https:\/\/denidiaz.com\/es\/wp-json\/wp\/v2\/pages\/1856\/revisions\/2145"}],"wp:attachment":[{"href":"https:\/\/denidiaz.com\/es\/wp-json\/wp\/v2\/media?parent=1856"}],"curies":[{"name":"wp","href":"https:\/\/api.w.org\/{rel}","templated":true}]}}