{"id":1189,"date":"2025-03-03T17:47:40","date_gmt":"2025-03-03T16:47:40","guid":{"rendered":"https:\/\/denidiaz.com\/?page_id=1189"},"modified":"2025-03-08T19:34:55","modified_gmt":"2025-03-08T18:34:55","slug":"cookies-policy","status":"publish","type":"page","link":"https:\/\/denidiaz.com\/es\/cookies-policy\/","title":{"rendered":"Pol\u00edtica de cookies"},"content":{"rendered":"<div data-elementor-type=\"wp-page\" data-elementor-id=\"1189\" class=\"elementor elementor-1189\" data-elementor-post-type=\"page\">\n\t\t\t\t<div class=\"elementor-element elementor-element-75014c7c e-flex e-con-boxed e-con e-parent\" data-id=\"75014c7c\" data-element_type=\"container\" data-e-type=\"container\">\n\t\t\t\t\t<div class=\"e-con-inner\">\n\t\t\t\t<div class=\"elementor-element elementor-element-623308c elementor-widget elementor-widget-text-editor\" data-id=\"623308c\" data-element_type=\"widget\" data-e-type=\"widget\" data-widget_type=\"text-editor.default\">\n\t\t\t\t<div class=\"elementor-widget-container\">\n\t\t\t\t\t\t\t\t\t<p>1. ANTECEDENTES<\/p>\n<p>De conformidad con la normativa espa\u00f1ola que regula el uso de cookies en relaci\u00f3n con la prestaci\u00f3n de servicios de comunicaciones electr\u00f3nicas, incluida en el art\u00edculo 22.2 de la Ley 34\/2002, de 11 de julio, de servicios de la sociedad de la informaci\u00f3n y de comercio electr\u00f3nico, le informamos sobre las cookies utilizadas en el sitio web de DENISSE ALEJANDRA DIAZ GROSSO y el motivo de su uso.<\/p>\n<p>2.- \u00bfQU\u00c9 SON LAS COOKIES?<\/p>\n<p>Una cookie es un fichero que se descarga en su ordenador al acceder a determinadas p\u00e1ginas web. Las cookies permiten que una p\u00e1gina web, entre otras cosas, almacene y recupere informaci\u00f3n sobre los h\u00e1bitos de navegaci\u00f3n de un usuario o de su equipo y, seg\u00fan la informaci\u00f3n que contengan y la forma en que utilice su equipo, pueden utilizarse para reconocer a usuario. Las cookies se asocian \u00fanicamente a un usuario an\u00f3nimo y su ordenador o dispositivo y no proporcionan referencias que permitan conocer sus datos personales.<\/p>\n<p>3.- TIPOS DE COOKIES<\/p>\n<p>3.1.- Seg\u00fan la entidad que los gestiona<\/p>\n<p>a.- Cookies propias: Son aqu\u00e9llas que se env\u00edan al equipo terminal del usuario desde un equipo o dominio gestionado por el propio editor y desde el que se presta el servicio solicitado por el usuario.<\/p>\n<p>b.- Cookies de terceros: Son aqu\u00e9llas que se env\u00edan al equipo terminal del usuario desde un equipo o dominio que no es gestionado por el editor, sino por otra entidad que trata los datos obtenidos a trav\u00e9s de las cookies.<\/p>\n<p>3.2.- Seg\u00fan la finalidad<\/p>\n<p>Hay muchos prop\u00f3sitos para el uso de cookies. Seg\u00fan la finalidad para la que se traten los datos obtenidos a trav\u00e9s de las cookies, algunas de las finalidades pueden ser:<\/p>\n<p>a) Cookies t\u00e9cnicas: Son aqu\u00e9llas que permiten al usuario la navegaci\u00f3n a trav\u00e9s de una p\u00e1gina web, plataforma o aplicaci\u00f3n y la utilizaci\u00f3n de las diferentes opciones o servicios que en ella existen, incluy\u00e9ndose las que el editor utiliza para la gesti\u00f3n y funcionamiento de la web. p\u00e1gina y habilitar sus funciones y servicios, como por ejemplo, controlar el tr\u00e1fico y la comunicaci\u00f3n de datos, identificar la sesi\u00f3n, acceder a partes de acceso restringido, recordar los elementos que integran un pedido, realizar el proceso de compra de un pedido, gestionar el pago , controlar el fraude relacionado con la seguridad del servicio, solicitar la inscripci\u00f3n o participaci\u00f3n en un evento, contabilizar las visitas a efectos de facturaci\u00f3n de las licencias de software con las que funciona el servicio (sitio web, plataforma o aplicaci\u00f3n), utilizar elementos de seguridad durante la navegaci\u00f3n, almacenar contenidos para la difusi\u00f3n de videos o sonido, habilitar contenido din\u00e1mico (por ejemplo, cargar animaci\u00f3n de un texto o imagen) o compartir contenido a trav\u00e9s de redes sociales.<\/p>\n<p>Las cookies t\u00e9cnicas estar\u00e1n exentas del cumplimiento de las obligaciones establecidas en el art\u00edculo 22.2 de la LSSI cuando permitan la prestaci\u00f3n del servicio solicitado por el usuario, como es el caso de las cookies enumeradas en los p\u00e1rrafos anteriores. Sin embargo, si estas cookies tambi\u00e9n se utilizan para fines no exentos (por ejemplo, con fines de publicidad comportamental), estar\u00e1n sujetos a estas obligaciones.<\/p>\n<p>b) Cookies de preferencia o personalizaci\u00f3n: son aqu\u00e9llas que permiten recordar informaci\u00f3n para que el usuario acceda al servicio con determinadas caracter\u00edsticas que pueden diferenciar su experiencia de la del resto de usuarios como, por ejemplo, el idioma, el n\u00famero de resultados a mostrarse cuando el usuario realiza una b\u00fasqueda, el aspecto o contenido del servicio seg\u00fan el tipo de navegador a trav\u00e9s del cual el usuario accede al servicio o la regi\u00f3n desde donde accede al servicio, etc.<\/p>\n<p>Si es el propio usuario quien elige estas caracter\u00edsticas (por ejemplo, si selecciona el idioma de un sitio web haciendo clic en el icono de la bandera del pa\u00eds correspondiente), las cookies estar\u00e1n exentas de las obligaciones del art\u00edculo 22.2 de la LSSI ya que son se considera un servicio solicitado expresamente por el usuario, y ello siempre y cuando las cookies obedezcan exclusivamente a la finalidad seleccionada.<\/p>\n<p>c) Cookies de an\u00e1lisis o medici\u00f3n: Son aqu\u00e9llas que permiten al responsable de las mismas, el seguimiento y an\u00e1lisis del comportamiento de los usuarios de los sitios web a los que est\u00e1n vinculadas, incluyendo la cuantificaci\u00f3n del impacto de los anuncios publicitarios. La informaci\u00f3n recogida mediante este tipo de cookies se utiliza en la medici\u00f3n de la actividad de los sitios web, aplicaci\u00f3n o plataforma, con el fin de introducir mejoras en funci\u00f3n del an\u00e1lisis de los datos de uso que hacen los usuarios del servicio.<\/p>\n<p>d) Cookies de publicidad comportamental: Son aqu\u00e9llas que almacenan informaci\u00f3n del comportamiento de los usuarios obtenida a trav\u00e9s de la observaci\u00f3n continuada de sus h\u00e1bitos de navegaci\u00f3n, lo que permite desarrollar un perfil espec\u00edfico para mostrar publicidad en funci\u00f3n del mismo.<\/p>\n<p>3.3.- Seg\u00fan el plazo de tiempo que permanecen activadas<\/p>\n<p>a) Cookies de sesi\u00f3n: Son aqu\u00e9llas dise\u00f1adas para recabar y almacenar datos mientras el usuario accede a una p\u00e1gina web. Se suelen emplear para almacenar informaci\u00f3n que solo interesa conservar para la prestaci\u00f3n del servicio solicitado por el usuario en una sola ocasi\u00f3n (por ejemplo, una lista de productos adquiridos) y desaparecen al terminar la sesi\u00f3n.<\/p>\n<p>b) Cookies persistentes: son aquellas en las que los datos siguen almacenados en el terminal y pueden ser accedidos y tratados durante un periodo definido por el responsable de la cookie, que puede ir de unos minutos a varios a\u00f1os.<\/p>\n<p>4.- LISTA DE COOKIES UTILIZADAS POR ESTE SITIO WEB<\/p>\n<p>El uso de cookies ofrece ventajas en la prestaci\u00f3n de servicios dentro de lo que se conoce como sociedad de la informaci\u00f3n, ya que facilita al usuario la navegaci\u00f3n y el acceso a los diferentes servicios que ofrece este sitio web; evita al usuario tener que configurar las caracter\u00edsticas generales predefinidas cada vez que accede al sitio web; Favorece la mejora del funcionamiento y de los servicios prestados a trav\u00e9s de este sitio web, tras el correspondiente an\u00e1lisis de la informaci\u00f3n obtenida a trav\u00e9s de las cookies instaladas.<\/p>\n<p>En concreto, este sitio web utiliza las siguientes cookies:<\/p>\n<p>5.- REVOCACI\u00d3N Y ELIMINACI\u00d3N DE COOKIES<\/p>\n<p>En cualquier momento podr\u00e1 acceder a la configuraci\u00f3n de su navegador aceptando o rechazando todas las cookies, o seleccionar aquellas cuya instalaci\u00f3n permite y cu\u00e1les no, siguiendo los procedimientos del navegador que utilice.<\/p>\n<p>6.- TERCEROS PROVEEDORES DE SERVICIOS<\/p>\n<p>Los terceros proveedores de servicios con los que hemos contratado alg\u00fan servicio para el que es necesaria la utilizaci\u00f3n de cookies son los siguientes:<\/p>\t\t\t\t\t\t\t\t<\/div>\n\t\t\t\t<\/div>\n\t\t\t\t\t<\/div>\n\t\t\t\t<\/div>\n\t\t\t\t<\/div>","protected":false},"excerpt":{"rendered":"<p>1. BACKGROUND In accordance with Spanish regulations that regulate the use of cookies in relation to the provision of electronic communications services, included in article 22.2 of Law 34\/2002, of July 11, on services of the information society and e-commerce, we inform you about the cookies used on the DENISSE ALEJANDRA DIAZ GROSSO website and [&hellip;]<\/p>\n","protected":false},"author":2,"featured_media":0,"parent":0,"menu_order":0,"comment_status":"closed","ping_status":"closed","template":"","meta":{"_uag_custom_page_level_css":"","site-sidebar-layout":"default","site-content-layout":"","ast-site-content-layout":"default","site-content-style":"default","site-sidebar-style":"default","ast-global-header-display":"","ast-banner-title-visibility":"","ast-main-header-display":"","ast-hfb-above-header-display":"","ast-hfb-below-header-display":"","ast-hfb-mobile-header-display":"","site-post-title":"","ast-breadcrumbs-content":"","ast-featured-img":"","footer-sml-layout":"","ast-disable-related-posts":"","theme-transparent-header-meta":"","adv-header-id-meta":"","stick-header-meta":"","header-above-stick-meta":"","header-main-stick-meta":"","header-below-stick-meta":"","astra-migrate-meta-layouts":"set","ast-page-background-enabled":"default","ast-page-background-meta":{"desktop":{"background-color":"","background-image":"","background-repeat":"repeat","background-position":"center center","background-size":"auto","background-attachment":"scroll","background-type":"","background-media":"","overlay-type":"","overlay-color":"","overlay-opacity":"","overlay-gradient":""},"tablet":{"background-color":"","background-image":"","background-repeat":"repeat","background-position":"center center","background-size":"auto","background-attachment":"scroll","background-type":"","background-media":"","overlay-type":"","overlay-color":"","overlay-opacity":"","overlay-gradient":""},"mobile":{"background-color":"","background-image":"","background-repeat":"repeat","background-position":"center center","background-size":"auto","background-attachment":"scroll","background-type":"","background-media":"","overlay-type":"","overlay-color":"","overlay-opacity":"","overlay-gradient":""}},"ast-content-background-meta":{"desktop":{"background-color":"var(--ast-global-color-5)","background-image":"","background-repeat":"repeat","background-position":"center center","background-size":"auto","background-attachment":"scroll","background-type":"","background-media":"","overlay-type":"","overlay-color":"","overlay-opacity":"","overlay-gradient":""},"tablet":{"background-color":"var(--ast-global-color-5)","background-image":"","background-repeat":"repeat","background-position":"center center","background-size":"auto","background-attachment":"scroll","background-type":"","background-media":"","overlay-type":"","overlay-color":"","overlay-opacity":"","overlay-gradient":""},"mobile":{"background-color":"var(--ast-global-color-5)","background-image":"","background-repeat":"repeat","background-position":"center center","background-size":"auto","background-attachment":"scroll","background-type":"","background-media":"","overlay-type":"","overlay-color":"","overlay-opacity":"","overlay-gradient":""}},"footnotes":""},"class_list":["post-1189","page","type-page","status-publish","hentry"],"yoast_head":"<!-- This site is optimized with the Yoast SEO plugin v27.3 - https:\/\/yoast.com\/product\/yoast-seo-wordpress\/ -->\n<title>Cookies policy - Deni D\u00edaz<\/title>\n<meta name=\"robots\" content=\"index, follow, max-snippet:-1, max-image-preview:large, max-video-preview:-1\" \/>\n<link rel=\"canonical\" href=\"https:\/\/denidiaz.com\/es\/cookies-policy\/\" \/>\n<meta property=\"og:locale\" content=\"es_ES\" \/>\n<meta property=\"og:type\" content=\"article\" \/>\n<meta property=\"og:title\" content=\"Cookies policy - Deni D\u00edaz\" \/>\n<meta property=\"og:description\" content=\"1. BACKGROUND In accordance with Spanish regulations that regulate the use of cookies in relation to the provision of electronic communications services, included in article 22.2 of Law 34\/2002, of July 11, on services of the information society and e-commerce, we inform you about the cookies used on the DENISSE ALEJANDRA DIAZ GROSSO website and [&hellip;]\" \/>\n<meta property=\"og:url\" content=\"https:\/\/denidiaz.com\/es\/cookies-policy\/\" \/>\n<meta property=\"og:site_name\" content=\"Deni D\u00edaz\" \/>\n<meta property=\"article:modified_time\" content=\"2025-03-08T18:34:55+00:00\" \/>\n<meta name=\"twitter:card\" content=\"summary_large_image\" \/>\n<meta name=\"twitter:label1\" content=\"Tiempo de lectura\" \/>\n\t<meta name=\"twitter:data1\" content=\"5 minutos\" \/>\n<script type=\"application\/ld+json\" class=\"yoast-schema-graph\">{\"@context\":\"https:\\\/\\\/schema.org\",\"@graph\":[{\"@type\":\"WebPage\",\"@id\":\"https:\\\/\\\/denidiaz.com\\\/cookies-policy\\\/\",\"url\":\"https:\\\/\\\/denidiaz.com\\\/cookies-policy\\\/\",\"name\":\"Cookies policy - Deni D\u00edaz\",\"isPartOf\":{\"@id\":\"https:\\\/\\\/denidiaz.com\\\/#website\"},\"datePublished\":\"2025-03-03T16:47:40+00:00\",\"dateModified\":\"2025-03-08T18:34:55+00:00\",\"breadcrumb\":{\"@id\":\"https:\\\/\\\/denidiaz.com\\\/cookies-policy\\\/#breadcrumb\"},\"inLanguage\":\"es\",\"potentialAction\":[{\"@type\":\"ReadAction\",\"target\":[\"https:\\\/\\\/denidiaz.com\\\/cookies-policy\\\/\"]}]},{\"@type\":\"BreadcrumbList\",\"@id\":\"https:\\\/\\\/denidiaz.com\\\/cookies-policy\\\/#breadcrumb\",\"itemListElement\":[{\"@type\":\"ListItem\",\"position\":1,\"name\":\"Portada\",\"item\":\"https:\\\/\\\/denidiaz.com\\\/\"},{\"@type\":\"ListItem\",\"position\":2,\"name\":\"Cookies policy\"}]},{\"@type\":\"WebSite\",\"@id\":\"https:\\\/\\\/denidiaz.com\\\/#website\",\"url\":\"https:\\\/\\\/denidiaz.com\\\/\",\"name\":\"Deni D\u00edaz\",\"description\":\"Designer and illustrator\",\"publisher\":{\"@id\":\"https:\\\/\\\/denidiaz.com\\\/#organization\"},\"potentialAction\":[{\"@type\":\"SearchAction\",\"target\":{\"@type\":\"EntryPoint\",\"urlTemplate\":\"https:\\\/\\\/denidiaz.com\\\/?s={search_term_string}\"},\"query-input\":{\"@type\":\"PropertyValueSpecification\",\"valueRequired\":true,\"valueName\":\"search_term_string\"}}],\"inLanguage\":\"es\"},{\"@type\":\"Organization\",\"@id\":\"https:\\\/\\\/denidiaz.com\\\/#organization\",\"name\":\"Deni D\u00edaz\",\"url\":\"https:\\\/\\\/denidiaz.com\\\/\",\"logo\":{\"@type\":\"ImageObject\",\"inLanguage\":\"es\",\"@id\":\"https:\\\/\\\/denidiaz.com\\\/#\\\/schema\\\/logo\\\/image\\\/\",\"url\":\"https:\\\/\\\/denidiaz.com\\\/wp-content\\\/uploads\\\/2025\\\/02\\\/cropped-DENI-DIAZ-LOGO-23.png\",\"contentUrl\":\"https:\\\/\\\/denidiaz.com\\\/wp-content\\\/uploads\\\/2025\\\/02\\\/cropped-DENI-DIAZ-LOGO-23.png\",\"width\":1080,\"height\":241,\"caption\":\"Deni D\u00edaz\"},\"image\":{\"@id\":\"https:\\\/\\\/denidiaz.com\\\/#\\\/schema\\\/logo\\\/image\\\/\"}}]}<\/script>\n<!-- \/ Yoast SEO plugin. -->","yoast_head_json":{"title":"Cookies policy - Deni D\u00edaz","robots":{"index":"index","follow":"follow","max-snippet":"max-snippet:-1","max-image-preview":"max-image-preview:large","max-video-preview":"max-video-preview:-1"},"canonical":"https:\/\/denidiaz.com\/es\/cookies-policy\/","og_locale":"es_ES","og_type":"article","og_title":"Cookies policy - Deni D\u00edaz","og_description":"1. BACKGROUND In accordance with Spanish regulations that regulate the use of cookies in relation to the provision of electronic communications services, included in article 22.2 of Law 34\/2002, of July 11, on services of the information society and e-commerce, we inform you about the cookies used on the DENISSE ALEJANDRA DIAZ GROSSO website and [&hellip;]","og_url":"https:\/\/denidiaz.com\/es\/cookies-policy\/","og_site_name":"Deni D\u00edaz","article_modified_time":"2025-03-08T18:34:55+00:00","twitter_card":"summary_large_image","twitter_misc":{"Tiempo de lectura":"5 minutos"},"schema":{"@context":"https:\/\/schema.org","@graph":[{"@type":"WebPage","@id":"https:\/\/denidiaz.com\/cookies-policy\/","url":"https:\/\/denidiaz.com\/cookies-policy\/","name":"Cookies policy - Deni D\u00edaz","isPartOf":{"@id":"https:\/\/denidiaz.com\/#website"},"datePublished":"2025-03-03T16:47:40+00:00","dateModified":"2025-03-08T18:34:55+00:00","breadcrumb":{"@id":"https:\/\/denidiaz.com\/cookies-policy\/#breadcrumb"},"inLanguage":"es","potentialAction":[{"@type":"ReadAction","target":["https:\/\/denidiaz.com\/cookies-policy\/"]}]},{"@type":"BreadcrumbList","@id":"https:\/\/denidiaz.com\/cookies-policy\/#breadcrumb","itemListElement":[{"@type":"ListItem","position":1,"name":"Portada","item":"https:\/\/denidiaz.com\/"},{"@type":"ListItem","position":2,"name":"Cookies policy"}]},{"@type":"WebSite","@id":"https:\/\/denidiaz.com\/#website","url":"https:\/\/denidiaz.com\/","name":"Deni D\u00edaz","description":"Designer and illustrator","publisher":{"@id":"https:\/\/denidiaz.com\/#organization"},"potentialAction":[{"@type":"SearchAction","target":{"@type":"EntryPoint","urlTemplate":"https:\/\/denidiaz.com\/?s={search_term_string}"},"query-input":{"@type":"PropertyValueSpecification","valueRequired":true,"valueName":"search_term_string"}}],"inLanguage":"es"},{"@type":"Organization","@id":"https:\/\/denidiaz.com\/#organization","name":"Deni D\u00edaz","url":"https:\/\/denidiaz.com\/","logo":{"@type":"ImageObject","inLanguage":"es","@id":"https:\/\/denidiaz.com\/#\/schema\/logo\/image\/","url":"https:\/\/denidiaz.com\/wp-content\/uploads\/2025\/02\/cropped-DENI-DIAZ-LOGO-23.png","contentUrl":"https:\/\/denidiaz.com\/wp-content\/uploads\/2025\/02\/cropped-DENI-DIAZ-LOGO-23.png","width":1080,"height":241,"caption":"Deni D\u00edaz"},"image":{"@id":"https:\/\/denidiaz.com\/#\/schema\/logo\/image\/"}}]}},"uagb_featured_image_src":{"full":false,"thumbnail":false,"medium":false,"medium_large":false,"large":false,"1536x1536":false,"2048x2048":false,"trp-custom-language-flag":false,"woocommerce_thumbnail":false,"woocommerce_single":false,"woocommerce_gallery_thumbnail":false},"uagb_author_info":{"display_name":"Funes.84","author_link":"https:\/\/denidiaz.com\/es\/author\/funes-84\/"},"uagb_comment_info":0,"uagb_excerpt":"1. BACKGROUND In accordance with Spanish regulations that regulate the use of cookies in relation to the provision of electronic communications services, included in article 22.2 of Law 34\/2002, of July 11, on services of the information society and e-commerce, we inform you about the cookies used on the DENISSE ALEJANDRA DIAZ GROSSO website and&hellip;","jetpack_sharing_enabled":true,"_links":{"self":[{"href":"https:\/\/denidiaz.com\/es\/wp-json\/wp\/v2\/pages\/1189","targetHints":{"allow":["GET"]}}],"collection":[{"href":"https:\/\/denidiaz.com\/es\/wp-json\/wp\/v2\/pages"}],"about":[{"href":"https:\/\/denidiaz.com\/es\/wp-json\/wp\/v2\/types\/page"}],"author":[{"embeddable":true,"href":"https:\/\/denidiaz.com\/es\/wp-json\/wp\/v2\/users\/2"}],"replies":[{"embeddable":true,"href":"https:\/\/denidiaz.com\/es\/wp-json\/wp\/v2\/comments?post=1189"}],"version-history":[{"count":0,"href":"https:\/\/denidiaz.com\/es\/wp-json\/wp\/v2\/pages\/1189\/revisions"}],"wp:attachment":[{"href":"https:\/\/denidiaz.com\/es\/wp-json\/wp\/v2\/media?parent=1189"}],"curies":[{"name":"wp","href":"https:\/\/api.w.org\/{rel}","templated":true}]}}