{"id":10,"date":"2024-12-27T20:39:22","date_gmt":"2024-12-27T19:39:22","guid":{"rendered":"https:\/\/denidiaz.com\/about-me\/"},"modified":"2026-03-06T16:38:03","modified_gmt":"2026-03-06T15:38:03","slug":"about-me","status":"publish","type":"page","link":"https:\/\/denidiaz.com\/es\/about-me\/","title":{"rendered":"Sobre mi"},"content":{"rendered":"<div data-elementor-type=\"wp-post\" data-elementor-id=\"10\" class=\"elementor elementor-10\" data-elementor-post-type=\"page\">\n\t\t\t\t<div class=\"elementor-element elementor-element-b14c4e8 e-flex e-con-boxed e-con e-parent\" data-id=\"b14c4e8\" data-element_type=\"container\" data-e-type=\"container\" data-settings=\"{&quot;background_background&quot;:&quot;classic&quot;}\">\n\t\t\t\t\t<div class=\"e-con-inner\">\n\t\t<div class=\"elementor-element elementor-element-8872224 e-con-full e-flex e-con e-child\" data-id=\"8872224\" data-element_type=\"container\" data-e-type=\"container\">\n\t\t\t\t<div class=\"elementor-element elementor-element-63e26eb elementor-widget elementor-widget-image\" data-id=\"63e26eb\" data-element_type=\"widget\" data-e-type=\"widget\" data-widget_type=\"image.default\">\n\t\t\t\t<div class=\"elementor-widget-container\">\n\t\t\t\t\t\t\t\t\t\t\t\t\t\t\t<img fetchpriority=\"high\" decoding=\"async\" width=\"299\" height=\"418\" src=\"https:\/\/denidiaz.com\/wp-content\/uploads\/2025\/03\/Profile-photo-Deni-Diaz.avif\" class=\"attachment-medium_large size-medium_large wp-image-1202\" alt=\"\" srcset=\"https:\/\/denidiaz.com\/wp-content\/uploads\/2025\/03\/Profile-photo-Deni-Diaz.avif 299w, https:\/\/denidiaz.com\/wp-content\/uploads\/2025\/03\/Profile-photo-Deni-Diaz-215x300.avif 215w, https:\/\/denidiaz.com\/wp-content\/uploads\/2025\/03\/Profile-photo-Deni-Diaz-9x12.avif 9w\" sizes=\"(max-width: 299px) 100vw, 299px\" \/>\t\t\t\t\t\t\t\t\t\t\t\t\t\t\t<\/div>\n\t\t\t\t<\/div>\n\t\t\t\t<\/div>\n\t\t<div class=\"elementor-element elementor-element-ee66589 e-con-full e-flex e-con e-child\" data-id=\"ee66589\" data-element_type=\"container\" data-e-type=\"container\">\n\t\t<div class=\"elementor-element elementor-element-9257ef7 e-con-full e-flex e-con e-child\" data-id=\"9257ef7\" data-element_type=\"container\" data-e-type=\"container\">\n\t\t<div class=\"elementor-element elementor-element-034684f e-con-full e-flex e-con e-child\" data-id=\"034684f\" data-element_type=\"container\" data-e-type=\"container\">\n\t\t\t\t<div class=\"elementor-element elementor-element-4ea619b elementor-widget elementor-widget-heading\" data-id=\"4ea619b\" data-element_type=\"widget\" data-e-type=\"widget\" data-widget_type=\"heading.default\">\n\t\t\t\t<div class=\"elementor-widget-container\">\n\t\t\t\t\t<h1 class=\"elementor-heading-title elementor-size-default\">Hola!<\/h1>\t\t\t\t<\/div>\n\t\t\t\t<\/div>\n\t\t\t\t<div class=\"elementor-element elementor-element-8392e79 elementor-widget elementor-widget-text-editor\" data-id=\"8392e79\" data-element_type=\"widget\" data-e-type=\"widget\" data-widget_type=\"text-editor.default\">\n\t\t\t\t<div class=\"elementor-widget-container\">\n\t\t\t\t\t\t\t\t\t<p>Soy Denisse, dise\u00f1adora de patrones de superficies e ilustradora. Actualmente vivo en un hermoso pueblo en la Costa Brava en Espa\u00f1a.<\/p>\t\t\t\t\t\t\t\t<\/div>\n\t\t\t\t<\/div>\n\t\t\t\t<div class=\"elementor-element elementor-element-99b744a elementor-widget elementor-widget-text-editor\" data-id=\"99b744a\" data-element_type=\"widget\" data-e-type=\"widget\" data-widget_type=\"text-editor.default\">\n\t\t\t\t<div class=\"elementor-widget-container\">\n\t\t\t\t\t\t\t\t\t<p>Me gradu\u00e9 como dise\u00f1adora de ropa en Buenos Aires, Argentina, donde nac\u00ed. Durante muchos a\u00f1os cre\u00e9 los patrones para una marca de art\u00edculos de cuero que pose\u00eda.<\/p>\t\t\t\t\t\t\t\t<\/div>\n\t\t\t\t<\/div>\n\t\t\t\t<div class=\"elementor-element elementor-element-7c7986c elementor-widget elementor-widget-text-editor\" data-id=\"7c7986c\" data-element_type=\"widget\" data-e-type=\"widget\" data-widget_type=\"text-editor.default\">\n\t\t\t\t<div class=\"elementor-widget-container\">\n\t\t\t\t\t\t\t\t\t<p>Mi tendencia es crear dise\u00f1os coloridos y atrevidos. Me inspiro principalmente en la naturaleza, aunque tambi\u00e9n es una mezcla de escenas de la vida cotidiana, arte, libros, un rico aroma, una canci\u00f3n, una frase, etc.<\/p><p>Mi arte final es digital, sin embargo, generalmente uso una combinaci\u00f3n de herramientas anal\u00f3gicas y digitales para crear. Mis dise\u00f1os se pueden encontrar en varios productos que incluyen telas, papel tapiz, tarjetas de felicitaci\u00f3n, decoraci\u00f3n del hogar y mucho m\u00e1s.<\/p>\t\t\t\t\t\t\t\t<\/div>\n\t\t\t\t<\/div>\n\t\t\t\t<\/div>\n\t\t\t\t<\/div>\n\t\t\t\t<\/div>\n\t\t\t\t\t<\/div>\n\t\t\t\t<\/div>\n\t\t\t\t<\/div>","protected":false},"excerpt":{"rendered":"<p>Hello! I&#8217;m Denisse, a surface pattern designer and illustrator. I currently live in a beautiful town on the Costa Brava in Spain. I graduated as a clothing designer in Buenos Aires, Argentina, where I was born. For many years I created the patterns for a leather goods brand that I owned. My tendency is to [&hellip;]<\/p>\n","protected":false},"author":2,"featured_media":0,"parent":0,"menu_order":0,"comment_status":"closed","ping_status":"closed","template":"","meta":{"_uag_custom_page_level_css":"","site-sidebar-layout":"no-sidebar","site-content-layout":"page-builder","ast-site-content-layout":"default","site-content-style":"default","site-sidebar-style":"default","ast-global-header-display":"","ast-banner-title-visibility":"","ast-main-header-display":"","ast-hfb-above-header-display":"","ast-hfb-below-header-display":"","ast-hfb-mobile-header-display":"","site-post-title":"disabled","ast-breadcrumbs-content":"","ast-featured-img":"disabled","footer-sml-layout":"","ast-disable-related-posts":"","theme-transparent-header-meta":"","adv-header-id-meta":"","stick-header-meta":"","header-above-stick-meta":"","header-main-stick-meta":"","header-below-stick-meta":"","astra-migrate-meta-layouts":"default","ast-page-background-enabled":"default","ast-page-background-meta":{"desktop":{"background-color":"","background-image":"","background-repeat":"repeat","background-position":"center center","background-size":"auto","background-attachment":"scroll","background-type":"","background-media":"","overlay-type":"","overlay-color":"","overlay-opacity":"","overlay-gradient":""},"tablet":{"background-color":"","background-image":"","background-repeat":"repeat","background-position":"center center","background-size":"auto","background-attachment":"scroll","background-type":"","background-media":"","overlay-type":"","overlay-color":"","overlay-opacity":"","overlay-gradient":""},"mobile":{"background-color":"","background-image":"","background-repeat":"repeat","background-position":"center center","background-size":"auto","background-attachment":"scroll","background-type":"","background-media":"","overlay-type":"","overlay-color":"","overlay-opacity":"","overlay-gradient":""}},"ast-content-background-meta":{"desktop":{"background-color":"var(--ast-global-color-5)","background-image":"","background-repeat":"repeat","background-position":"center center","background-size":"auto","background-attachment":"scroll","background-type":"","background-media":"","overlay-type":"","overlay-color":"","overlay-opacity":"","overlay-gradient":""},"tablet":{"background-color":"var(--ast-global-color-5)","background-image":"","background-repeat":"repeat","background-position":"center center","background-size":"auto","background-attachment":"scroll","background-type":"","background-media":"","overlay-type":"","overlay-color":"","overlay-opacity":"","overlay-gradient":""},"mobile":{"background-color":"var(--ast-global-color-5)","background-image":"","background-repeat":"repeat","background-position":"center center","background-size":"auto","background-attachment":"scroll","background-type":"","background-media":"","overlay-type":"","overlay-color":"","overlay-opacity":"","overlay-gradient":""}},"footnotes":""},"class_list":["post-10","page","type-page","status-publish","hentry"],"yoast_head":"<!-- This site is optimized with the Yoast SEO plugin v27.3 - https:\/\/yoast.com\/product\/yoast-seo-wordpress\/ -->\n<title>About Me - Deni D\u00edaz<\/title>\n<meta name=\"robots\" content=\"index, follow, max-snippet:-1, max-image-preview:large, max-video-preview:-1\" \/>\n<link rel=\"canonical\" href=\"https:\/\/denidiaz.com\/es\/about-me\/\" \/>\n<meta property=\"og:locale\" content=\"es_ES\" \/>\n<meta property=\"og:type\" content=\"article\" \/>\n<meta property=\"og:title\" content=\"About Me - Deni D\u00edaz\" \/>\n<meta property=\"og:description\" content=\"Hello! I&#8217;m Denisse, a surface pattern designer and illustrator. I currently live in a beautiful town on the Costa Brava in Spain. I graduated as a clothing designer in Buenos Aires, Argentina, where I was born. For many years I created the patterns for a leather goods brand that I owned. My tendency is to [&hellip;]\" \/>\n<meta property=\"og:url\" content=\"https:\/\/denidiaz.com\/es\/about-me\/\" \/>\n<meta property=\"og:site_name\" content=\"Deni D\u00edaz\" \/>\n<meta property=\"article:modified_time\" content=\"2026-03-06T15:38:03+00:00\" \/>\n<meta name=\"twitter:card\" content=\"summary_large_image\" \/>\n<meta name=\"twitter:label1\" content=\"Tiempo de lectura\" \/>\n\t<meta name=\"twitter:data1\" content=\"1 minuto\" \/>\n<script type=\"application\/ld+json\" class=\"yoast-schema-graph\">{\"@context\":\"https:\\\/\\\/schema.org\",\"@graph\":[{\"@type\":\"WebPage\",\"@id\":\"https:\\\/\\\/denidiaz.com\\\/about-me\\\/\",\"url\":\"https:\\\/\\\/denidiaz.com\\\/about-me\\\/\",\"name\":\"About Me - Deni D\u00edaz\",\"isPartOf\":{\"@id\":\"https:\\\/\\\/denidiaz.com\\\/#website\"},\"primaryImageOfPage\":{\"@id\":\"https:\\\/\\\/denidiaz.com\\\/about-me\\\/#primaryimage\"},\"image\":{\"@id\":\"https:\\\/\\\/denidiaz.com\\\/about-me\\\/#primaryimage\"},\"thumbnailUrl\":\"https:\\\/\\\/denidiaz.com\\\/wp-content\\\/uploads\\\/2025\\\/03\\\/Profile-photo-Deni-Diaz.avif\",\"datePublished\":\"2024-12-27T19:39:22+00:00\",\"dateModified\":\"2026-03-06T15:38:03+00:00\",\"breadcrumb\":{\"@id\":\"https:\\\/\\\/denidiaz.com\\\/about-me\\\/#breadcrumb\"},\"inLanguage\":\"es\",\"potentialAction\":[{\"@type\":\"ReadAction\",\"target\":[\"https:\\\/\\\/denidiaz.com\\\/about-me\\\/\"]}]},{\"@type\":\"ImageObject\",\"inLanguage\":\"es\",\"@id\":\"https:\\\/\\\/denidiaz.com\\\/about-me\\\/#primaryimage\",\"url\":\"https:\\\/\\\/denidiaz.com\\\/wp-content\\\/uploads\\\/2025\\\/03\\\/Profile-photo-Deni-Diaz.avif\",\"contentUrl\":\"https:\\\/\\\/denidiaz.com\\\/wp-content\\\/uploads\\\/2025\\\/03\\\/Profile-photo-Deni-Diaz.avif\"},{\"@type\":\"BreadcrumbList\",\"@id\":\"https:\\\/\\\/denidiaz.com\\\/about-me\\\/#breadcrumb\",\"itemListElement\":[{\"@type\":\"ListItem\",\"position\":1,\"name\":\"Portada\",\"item\":\"https:\\\/\\\/denidiaz.com\\\/\"},{\"@type\":\"ListItem\",\"position\":2,\"name\":\"About Me\"}]},{\"@type\":\"WebSite\",\"@id\":\"https:\\\/\\\/denidiaz.com\\\/#website\",\"url\":\"https:\\\/\\\/denidiaz.com\\\/\",\"name\":\"Deni D\u00edaz\",\"description\":\"Designer and illustrator\",\"publisher\":{\"@id\":\"https:\\\/\\\/denidiaz.com\\\/#organization\"},\"potentialAction\":[{\"@type\":\"SearchAction\",\"target\":{\"@type\":\"EntryPoint\",\"urlTemplate\":\"https:\\\/\\\/denidiaz.com\\\/?s={search_term_string}\"},\"query-input\":{\"@type\":\"PropertyValueSpecification\",\"valueRequired\":true,\"valueName\":\"search_term_string\"}}],\"inLanguage\":\"es\"},{\"@type\":\"Organization\",\"@id\":\"https:\\\/\\\/denidiaz.com\\\/#organization\",\"name\":\"Deni D\u00edaz\",\"url\":\"https:\\\/\\\/denidiaz.com\\\/\",\"logo\":{\"@type\":\"ImageObject\",\"inLanguage\":\"es\",\"@id\":\"https:\\\/\\\/denidiaz.com\\\/#\\\/schema\\\/logo\\\/image\\\/\",\"url\":\"https:\\\/\\\/denidiaz.com\\\/wp-content\\\/uploads\\\/2025\\\/02\\\/cropped-DENI-DIAZ-LOGO-23.png\",\"contentUrl\":\"https:\\\/\\\/denidiaz.com\\\/wp-content\\\/uploads\\\/2025\\\/02\\\/cropped-DENI-DIAZ-LOGO-23.png\",\"width\":1080,\"height\":241,\"caption\":\"Deni D\u00edaz\"},\"image\":{\"@id\":\"https:\\\/\\\/denidiaz.com\\\/#\\\/schema\\\/logo\\\/image\\\/\"}}]}<\/script>\n<!-- \/ Yoast SEO plugin. -->","yoast_head_json":{"title":"About Me - Deni D\u00edaz","robots":{"index":"index","follow":"follow","max-snippet":"max-snippet:-1","max-image-preview":"max-image-preview:large","max-video-preview":"max-video-preview:-1"},"canonical":"https:\/\/denidiaz.com\/es\/about-me\/","og_locale":"es_ES","og_type":"article","og_title":"About Me - Deni D\u00edaz","og_description":"Hello! I&#8217;m Denisse, a surface pattern designer and illustrator. I currently live in a beautiful town on the Costa Brava in Spain. I graduated as a clothing designer in Buenos Aires, Argentina, where I was born. For many years I created the patterns for a leather goods brand that I owned. My tendency is to [&hellip;]","og_url":"https:\/\/denidiaz.com\/es\/about-me\/","og_site_name":"Deni D\u00edaz","article_modified_time":"2026-03-06T15:38:03+00:00","twitter_card":"summary_large_image","twitter_misc":{"Tiempo de lectura":"1 minuto"},"schema":{"@context":"https:\/\/schema.org","@graph":[{"@type":"WebPage","@id":"https:\/\/denidiaz.com\/about-me\/","url":"https:\/\/denidiaz.com\/about-me\/","name":"About Me - Deni D\u00edaz","isPartOf":{"@id":"https:\/\/denidiaz.com\/#website"},"primaryImageOfPage":{"@id":"https:\/\/denidiaz.com\/about-me\/#primaryimage"},"image":{"@id":"https:\/\/denidiaz.com\/about-me\/#primaryimage"},"thumbnailUrl":"https:\/\/denidiaz.com\/wp-content\/uploads\/2025\/03\/Profile-photo-Deni-Diaz.avif","datePublished":"2024-12-27T19:39:22+00:00","dateModified":"2026-03-06T15:38:03+00:00","breadcrumb":{"@id":"https:\/\/denidiaz.com\/about-me\/#breadcrumb"},"inLanguage":"es","potentialAction":[{"@type":"ReadAction","target":["https:\/\/denidiaz.com\/about-me\/"]}]},{"@type":"ImageObject","inLanguage":"es","@id":"https:\/\/denidiaz.com\/about-me\/#primaryimage","url":"https:\/\/denidiaz.com\/wp-content\/uploads\/2025\/03\/Profile-photo-Deni-Diaz.avif","contentUrl":"https:\/\/denidiaz.com\/wp-content\/uploads\/2025\/03\/Profile-photo-Deni-Diaz.avif"},{"@type":"BreadcrumbList","@id":"https:\/\/denidiaz.com\/about-me\/#breadcrumb","itemListElement":[{"@type":"ListItem","position":1,"name":"Portada","item":"https:\/\/denidiaz.com\/"},{"@type":"ListItem","position":2,"name":"About Me"}]},{"@type":"WebSite","@id":"https:\/\/denidiaz.com\/#website","url":"https:\/\/denidiaz.com\/","name":"Deni D\u00edaz","description":"Designer and illustrator","publisher":{"@id":"https:\/\/denidiaz.com\/#organization"},"potentialAction":[{"@type":"SearchAction","target":{"@type":"EntryPoint","urlTemplate":"https:\/\/denidiaz.com\/?s={search_term_string}"},"query-input":{"@type":"PropertyValueSpecification","valueRequired":true,"valueName":"search_term_string"}}],"inLanguage":"es"},{"@type":"Organization","@id":"https:\/\/denidiaz.com\/#organization","name":"Deni D\u00edaz","url":"https:\/\/denidiaz.com\/","logo":{"@type":"ImageObject","inLanguage":"es","@id":"https:\/\/denidiaz.com\/#\/schema\/logo\/image\/","url":"https:\/\/denidiaz.com\/wp-content\/uploads\/2025\/02\/cropped-DENI-DIAZ-LOGO-23.png","contentUrl":"https:\/\/denidiaz.com\/wp-content\/uploads\/2025\/02\/cropped-DENI-DIAZ-LOGO-23.png","width":1080,"height":241,"caption":"Deni D\u00edaz"},"image":{"@id":"https:\/\/denidiaz.com\/#\/schema\/logo\/image\/"}}]}},"uagb_featured_image_src":{"full":false,"thumbnail":false,"medium":false,"medium_large":false,"large":false,"1536x1536":false,"2048x2048":false,"trp-custom-language-flag":false,"woocommerce_thumbnail":false,"woocommerce_single":false,"woocommerce_gallery_thumbnail":false},"uagb_author_info":{"display_name":"Funes.84","author_link":"https:\/\/denidiaz.com\/es\/author\/funes-84\/"},"uagb_comment_info":0,"uagb_excerpt":"Hello! I&#8217;m Denisse, a surface pattern designer and illustrator. I currently live in a beautiful town on the Costa Brava in Spain. I graduated as a clothing designer in Buenos Aires, Argentina, where I was born. For many years I created the patterns for a leather goods brand that I owned. My tendency is to&hellip;","jetpack_sharing_enabled":true,"_links":{"self":[{"href":"https:\/\/denidiaz.com\/es\/wp-json\/wp\/v2\/pages\/10","targetHints":{"allow":["GET"]}}],"collection":[{"href":"https:\/\/denidiaz.com\/es\/wp-json\/wp\/v2\/pages"}],"about":[{"href":"https:\/\/denidiaz.com\/es\/wp-json\/wp\/v2\/types\/page"}],"author":[{"embeddable":true,"href":"https:\/\/denidiaz.com\/es\/wp-json\/wp\/v2\/users\/2"}],"replies":[{"embeddable":true,"href":"https:\/\/denidiaz.com\/es\/wp-json\/wp\/v2\/comments?post=10"}],"version-history":[{"count":6,"href":"https:\/\/denidiaz.com\/es\/wp-json\/wp\/v2\/pages\/10\/revisions"}],"predecessor-version":[{"id":2170,"href":"https:\/\/denidiaz.com\/es\/wp-json\/wp\/v2\/pages\/10\/revisions\/2170"}],"wp:attachment":[{"href":"https:\/\/denidiaz.com\/es\/wp-json\/wp\/v2\/media?parent=10"}],"curies":[{"name":"wp","href":"https:\/\/api.w.org\/{rel}","templated":true}]}}